{"id":928,"date":"2020-04-12T05:14:24","date_gmt":"2020-04-12T05:14:24","guid":{"rendered":"https:\/\/www.holytrinityphiladelphia.org\/?page_id=928"},"modified":"2021-05-06T01:05:10","modified_gmt":"2021-05-06T01:05:10","slug":"a-brief-guide","status":"publish","type":"page","link":"https:\/\/www.holytrinityphiladelphia.org\/ro\/resources\/a-brief-guide\/","title":{"rendered":"SCURT \u00ceNDRUM\u0102TOR"},"content":{"rendered":"<div data-elementor-type=\"wp-page\" data-elementor-id=\"928\" class=\"elementor elementor-928\" data-elementor-post-type=\"page\">\n\t\t\t\t\t\t<section class=\"elementor-section elementor-top-section elementor-element elementor-element-187baa4 elementor-section-boxed elementor-section-height-default elementor-section-height-default\" data-id=\"187baa4\" data-element_type=\"section\" data-e-type=\"section\">\n\t\t\t\t\t\t<div class=\"elementor-container elementor-column-gap-default\">\n\t\t\t\t\t<div class=\"elementor-column elementor-col-100 elementor-top-column elementor-element elementor-element-28eac52\" data-id=\"28eac52\" data-element_type=\"column\" data-e-type=\"column\">\n\t\t\t<div class=\"elementor-widget-wrap elementor-element-populated\">\n\t\t\t\t\t\t<div class=\"elementor-element elementor-element-4141b6e elementor-widget elementor-widget-heading\" data-id=\"4141b6e\" data-element_type=\"widget\" data-e-type=\"widget\" data-widget_type=\"heading.default\">\n\t\t\t\t<div class=\"elementor-widget-container\">\n\t\t\t\t\t<h3 class=\"elementor-heading-title elementor-size-default\">MITROPOLIA ORTODOX\u0102 ROM\u00c2N\u0102 A CELOR DOU\u0102 AMERICI<\/h3>\t\t\t\t<\/div>\n\t\t\t\t<\/div>\n\t\t\t\t\t<\/div>\n\t\t<\/div>\n\t\t\t\t\t<\/div>\n\t\t<\/section>\n\t\t\t\t<section class=\"elementor-section elementor-top-section elementor-element elementor-element-594dcb4 elementor-section-boxed elementor-section-height-default elementor-section-height-default\" data-id=\"594dcb4\" data-element_type=\"section\" data-e-type=\"section\">\n\t\t\t\t\t\t<div class=\"elementor-container elementor-column-gap-default\">\n\t\t\t\t\t<div class=\"elementor-column elementor-col-100 elementor-top-column elementor-element elementor-element-0c9a2ba\" data-id=\"0c9a2ba\" data-element_type=\"column\" data-e-type=\"column\">\n\t\t\t<div class=\"elementor-widget-wrap elementor-element-populated\">\n\t\t\t\t\t\t<div class=\"elementor-element elementor-element-c1f4572 elementor-widget elementor-widget-heading\" data-id=\"c1f4572\" data-element_type=\"widget\" data-e-type=\"widget\" data-widget_type=\"heading.default\">\n\t\t\t\t<div class=\"elementor-widget-container\">\n\t\t\t\t\t<h2 class=\"elementor-heading-title elementor-size-default\">PASTORAL\u0102 LA PRAZNICUL \u00ceNVIERII DOMNULUI 2021<\/h2>\t\t\t\t<\/div>\n\t\t\t\t<\/div>\n\t\t\t\t\t<\/div>\n\t\t<\/div>\n\t\t\t\t\t<\/div>\n\t\t<\/section>\n\t\t\t\t<section class=\"elementor-section elementor-top-section elementor-element elementor-element-1b06b9a elementor-section-boxed elementor-section-height-default elementor-section-height-default\" data-id=\"1b06b9a\" data-element_type=\"section\" data-e-type=\"section\">\n\t\t\t\t\t\t<div class=\"elementor-container elementor-column-gap-default\">\n\t\t\t\t\t<div class=\"elementor-column elementor-col-100 elementor-top-column elementor-element elementor-element-9bcd548\" data-id=\"9bcd548\" data-element_type=\"column\" data-e-type=\"column\">\n\t\t\t<div class=\"elementor-widget-wrap elementor-element-populated\">\n\t\t\t\t\t\t<div class=\"elementor-element elementor-element-a37ba84 elementor-widget elementor-widget-heading\" data-id=\"a37ba84\" data-element_type=\"widget\" data-e-type=\"widget\" data-widget_type=\"heading.default\">\n\t\t\t\t<div class=\"elementor-widget-container\">\n\t\t\t\t\t<h3 class=\"elementor-heading-title elementor-size-large\">\u2020 NICOLAE,\ndin mila lui Dumnezeu,\nArhiepiscop al Arhiepiscopiei Ortodoxe Rom\u00e2ne a Statelor Unite ale Americii \u015fi\nMitropolit al Mitropoliei Ortodoxe Rom\u00e2ne a celor dou\u0103 Americi\n<\/h3>\t\t\t\t<\/div>\n\t\t\t\t<\/div>\n\t\t\t\t\t<\/div>\n\t\t<\/div>\n\t\t\t\t\t<\/div>\n\t\t<\/section>\n\t\t\t\t<section class=\"elementor-section elementor-top-section elementor-element elementor-element-07816ad elementor-section-boxed elementor-section-height-default elementor-section-height-default\" data-id=\"07816ad\" data-element_type=\"section\" data-e-type=\"section\">\n\t\t\t\t\t\t<div class=\"elementor-container elementor-column-gap-default\">\n\t\t\t\t\t<div class=\"elementor-column elementor-col-100 elementor-top-column elementor-element elementor-element-842b298\" data-id=\"842b298\" data-element_type=\"column\" data-e-type=\"column\">\n\t\t\t<div class=\"elementor-widget-wrap elementor-element-populated\">\n\t\t\t\t\t\t<div class=\"elementor-element elementor-element-b613f42 elementor-widget elementor-widget-pdf_viewer\" data-id=\"b613f42\" data-element_type=\"widget\" data-e-type=\"widget\" data-no-translation=\"\" data-widget_type=\"pdf_viewer.default\">\n\t\t\t\t<div class=\"elementor-widget-container\">\n\t\t\t\t\t<style>.elementor-element-b613f42{display:none !important}<\/style>\t\t\t\t<\/div>\n\t\t\t\t<\/div>\n\t\t\t\t<div class=\"elementor-element elementor-element-98cdd65 elementor-widget elementor-widget-pdf_viewer\" data-id=\"98cdd65\" data-element_type=\"widget\" data-e-type=\"widget\" data-widget_type=\"pdf_viewer.default\">\n\t\t\t\t<div class=\"elementor-widget-container\">\n\t\t\t\t\t<iframe src=\"https:\/\/docs.google.com\/viewer?url=http:\/\/www.holytrinityphiladelphia.org\/wp-content\/uploads\/2021\/05\/Pasti-2021-Pastorala-IPS-Nicolae.pdf&amp;embedded=true\" style=\"display: block; margin-left: auto; margin-right: auto; width: 640px; height: 1020px;\" frameborder=\"1\" marginheight=\"0px\" marginwidth=\"0px\" allowfullscreen><\/iframe>\t\t\t\t<\/div>\n\t\t\t\t<\/div>\n\t\t\t\t<div class=\"elementor-element elementor-element-7f0977f elementor-widget elementor-widget-text-editor\" data-id=\"7f0977f\" data-element_type=\"widget\" data-e-type=\"widget\" data-widget_type=\"text-editor.default\">\n\t\t\t\t<div class=\"elementor-widget-container\">\n\t\t\t\t\t\t\t\t\t<p>PROGRAMUL BISERICII de Sfintele Pa\u015fti \u015fi \u00een S\u0103pt\u0103m\u00e2na Luminat\u0103 (2 - 9 mai 2021)<\/p>\t\t\t\t\t\t\t\t<\/div>\n\t\t\t\t<\/div>\n\t\t\t\t\t<\/div>\n\t\t<\/div>\n\t\t\t\t\t<\/div>\n\t\t<\/section>\n\t\t\t\t<section class=\"elementor-section elementor-top-section elementor-element elementor-element-c149c42 elementor-section-boxed elementor-section-height-default elementor-section-height-default\" data-id=\"c149c42\" data-element_type=\"section\" data-e-type=\"section\">\n\t\t\t\t\t\t<div class=\"elementor-container elementor-column-gap-default\">\n\t\t\t\t\t<div class=\"elementor-column elementor-col-100 elementor-top-column elementor-element elementor-element-077613a\" data-id=\"077613a\" data-element_type=\"column\" data-e-type=\"column\">\n\t\t\t<div class=\"elementor-widget-wrap elementor-element-populated\">\n\t\t\t\t\t\t<div class=\"elementor-element elementor-element-243bbdc elementor-widget elementor-widget-text-editor\" data-id=\"243bbdc\" data-element_type=\"widget\" data-e-type=\"widget\" data-widget_type=\"text-editor.default\">\n\t\t\t\t<div class=\"elementor-widget-container\">\n\t\t\t\t\t\t\t\t\t<p class=\"yiv2564223318MsoNormal\">S\u00e2mb\u0103t\u0103 noaptea (1 - 2 mai) \u2013 Noaptea de \u00cenviere <br \/>11:30 pm - Utrenia \u00cenvierii <br \/>12:00 am - Slujba \u00cenvierii: luarea \nluminii, ie\u015firea \u00een procesiune \u00een fa\u0163a \nbisericii, citirea Evangheliei \u00cenvierii \u015fi \n\u00eenconjurarea bisericii <br \/>12:45 am - Canonul \u00cenvierii <br \/>1:15 am - Sf\u00e2nta Liturghie Pascal\u0103 \n\n2:30 am - Sfin\u0163irea bucatelor pentru Sf. Pa\u015fti \u015fi \u00eemp\u0103r\u0163irea \u201ePa\u015ftilor\u201d sfin\u0163ite (anafora cu vin)\n\n2:40 am - Agapa de Pa\u015fti<\/p><p class=\"yiv2564223318MsoNormal\">Duminic\u0103, 2 mai \u2013 Sfintele Pa\u015fti <br \/>4:00 pm - Vecernia \u00cenvierii (Luminat\u0103), (citirea Evangheliei \u00cenvierii \u00een mai multe limbi)<\/p><p class=\"yiv2564223318MsoNormal\">Luni 3 mai \u2013 Sfintele Pa\u015fti <br \/>9:00 am - Utrenie <br \/>10:00 am - Sf. Liturghie<\/p><p class=\"yiv2564223318MsoNormal\"><br \/>Mar\u0163i 4 mai \u2013 Sfintele Pa\u015fti: <br \/>9:00 am - Utrenie <br \/>10:00 am - Sf. Liturghie<\/p><p class=\"yiv2564223318MsoNormal\"><br \/>Vineri 7 mai \u2013 Izvorul T\u0103m\u0103duirii: <br \/>9:00 am - Utrenie <br \/>10:00 am - Sf. Liturghie <br \/>11:30 am - Sfin\u0163irea Apei (Aghiazma Mic\u0103)<\/p><p class=\"yiv2564223318MsoNormal\"><br \/>Duminic\u0103 9 mai \u2013 Duminica Tomii <br \/>9:00 am - Utrenie <br \/>10:00 am - Sf. Liturghie <br \/>12:00 pm &#8211; Coffee Hour<\/p>\t\t\t\t\t\t\t\t<\/div>\n\t\t\t\t<\/div>\n\t\t\t\t\t<\/div>\n\t\t<\/div>\n\t\t\t\t\t<\/div>\n\t\t<\/section>\n\t\t\t\t<section class=\"elementor-section elementor-top-section elementor-element elementor-element-3dacc4a elementor-section-boxed elementor-section-height-default elementor-section-height-default\" data-id=\"3dacc4a\" data-element_type=\"section\" data-e-type=\"section\">\n\t\t\t\t\t\t<div class=\"elementor-container elementor-column-gap-default\">\n\t\t\t\t\t<div class=\"elementor-column elementor-col-100 elementor-top-column elementor-element elementor-element-02bef4f\" data-id=\"02bef4f\" data-element_type=\"column\" data-e-type=\"column\">\n\t\t\t<div class=\"elementor-widget-wrap elementor-element-populated\">\n\t\t\t\t\t\t\t<\/div>\n\t\t<\/div>\n\t\t\t\t\t<\/div>\n\t\t<\/section>\n\t\t\t\t<section class=\"elementor-section elementor-top-section elementor-element elementor-element-d3b98d7 elementor-section-boxed elementor-section-height-default elementor-section-height-default\" data-id=\"d3b98d7\" data-element_type=\"section\" data-e-type=\"section\">\n\t\t\t\t\t\t<div class=\"elementor-container elementor-column-gap-default\">\n\t\t\t\t\t<div class=\"elementor-column elementor-col-100 elementor-top-column elementor-element elementor-element-b2bb620\" data-id=\"b2bb620\" data-element_type=\"column\" data-e-type=\"column\">\n\t\t\t<div class=\"elementor-widget-wrap elementor-element-populated\">\n\t\t\t\t\t\t\t<\/div>\n\t\t<\/div>\n\t\t\t\t\t<\/div>\n\t\t<\/section>\n\t\t\t\t<section class=\"elementor-section elementor-top-section elementor-element elementor-element-01e07b1 elementor-section-boxed elementor-section-height-default elementor-section-height-default\" data-id=\"01e07b1\" data-element_type=\"section\" data-e-type=\"section\">\n\t\t\t\t\t\t<div class=\"elementor-container elementor-column-gap-default\">\n\t\t\t\t\t<div class=\"elementor-column elementor-col-100 elementor-top-column elementor-element elementor-element-5970b08\" data-id=\"5970b08\" data-element_type=\"column\" data-e-type=\"column\">\n\t\t\t<div class=\"elementor-widget-wrap elementor-element-populated\">\n\t\t\t\t\t\t\t<\/div>\n\t\t<\/div>\n\t\t\t\t\t<\/div>\n\t\t<\/section>\n\t\t\t\t<section class=\"elementor-section elementor-top-section elementor-element elementor-element-fac1cad elementor-section-boxed elementor-section-height-default elementor-section-height-default\" data-id=\"fac1cad\" data-element_type=\"section\" data-e-type=\"section\">\n\t\t\t\t\t\t<div class=\"elementor-container elementor-column-gap-default\">\n\t\t\t\t\t<div class=\"elementor-column elementor-col-100 elementor-top-column elementor-element elementor-element-9bf30a9\" data-id=\"9bf30a9\" data-element_type=\"column\" data-e-type=\"column\">\n\t\t\t<div class=\"elementor-widget-wrap elementor-element-populated\">\n\t\t\t\t\t\t<div class=\"elementor-element elementor-element-b8e29bb elementor-widget elementor-widget-text-editor\" data-id=\"b8e29bb\" data-element_type=\"widget\" data-e-type=\"widget\" data-widget_type=\"text-editor.default\">\n\t\t\t\t<div class=\"elementor-widget-container\">\n\t\t\t\t\t\t\t\t\t<p class=\"yiv2564223318MsoNormal\">Pe durata Saptamanii Luminate, enoriasii sunt rugati sa cante <i>Hristos a Inviat din morti<\/i>\u00a0si sa isi ureze unul altuia\u00a0<i>Hristos a Inviat - Adevarat a Inviat<\/i>\u00a0pe intreaga perioada a invierii  (pana la Inaltare)!<\/p>\t\t\t\t\t\t\t\t<\/div>\n\t\t\t\t<\/div>\n\t\t\t\t\t<\/div>\n\t\t<\/div>\n\t\t\t\t\t<\/div>\n\t\t<\/section>\n\t\t\t\t<section class=\"elementor-section elementor-top-section elementor-element elementor-element-5858d87 elementor-section-boxed elementor-section-height-default elementor-section-height-default\" data-id=\"5858d87\" data-element_type=\"section\" data-e-type=\"section\">\n\t\t\t\t\t\t<div class=\"elementor-container elementor-column-gap-default\">\n\t\t\t\t\t<div class=\"elementor-column elementor-col-100 elementor-top-column elementor-element elementor-element-da6ac0b\" data-id=\"da6ac0b\" data-element_type=\"column\" data-e-type=\"column\">\n\t\t\t<div class=\"elementor-widget-wrap elementor-element-populated\">\n\t\t\t\t\t\t<div class=\"elementor-element elementor-element-9142902 elementor-widget elementor-widget-text-editor\" data-id=\"9142902\" data-element_type=\"widget\" data-e-type=\"widget\" data-widget_type=\"text-editor.default\">\n\t\t\t\t<div class=\"elementor-widget-container\">\n\t\t\t\t\t\t\t\t\t<div><p class=\"yiv2564223318MsoNormal\"><b>IPS Mitropolit Nicolae \u0219i to\u021bi clericii Mitropoliei v\u0103 \u00eencredin\u021beaz\u0103 de rug\u0103ciunea lor c\u0103tre M\u00e2ntuitorul Hristos, Maica Sa \u0219i to\u021bi sfin\u021bii pentru \u00eent\u0103rire \u00een credin\u021b\u0103 \u0219i vindecare de toat\u0103 boala \u0219i neputin\u021ba! V\u0103 dorim o S\u0103pt\u0103m\u00e2n\u0103 a Sfintelor Patimi binecuv\u00e2ntat\u0103 \u0219i s\u0103rb\u0103toarea Sf. Pa\u0219ti cu s\u0103n\u0103tate \u0219i n\u0103dejde \u00een Hristos cel \u00cenviat!<\/b><\/p><\/div>\t\t\t\t\t\t\t\t<\/div>\n\t\t\t\t<\/div>\n\t\t\t\t\t<\/div>\n\t\t<\/div>\n\t\t\t\t\t<\/div>\n\t\t<\/section>\n\t\t\t\t<\/div>","protected":false},"excerpt":{"rendered":"<p>THE ROMANIAN ORTHODOX METROPOLIA OF THE AMERICAS PASTORAL LETTER FOR THE FEAST OF THE LORD\u2019S RESURRECTION 2021 \u2020 NICOLAE by the mercy of God, Archbishop of the Romanian Orthodox Archdiocese of the United States of America and Metropolitan of the Romanian Orthodox Metropolia of the Americas HOLY TRINITY\u2019S Liturgical Schedule for Holy Pascha and Bright [&hellip;]<\/p>\n","protected":false},"author":1,"featured_media":0,"parent":15,"menu_order":0,"comment_status":"closed","ping_status":"closed","template":"elementor_header_footer","meta":{"site-sidebar-layout":"no-sidebar","site-content-layout":"page-builder","ast-site-content-layout":"default","site-content-style":"default","site-sidebar-style":"default","ast-global-header-display":"","ast-banner-title-visibility":"","ast-main-header-display":"","ast-hfb-above-header-display":"","ast-hfb-below-header-display":"","ast-hfb-mobile-header-display":"","site-post-title":"disabled","ast-breadcrumbs-content":"","ast-featured-img":"disabled","footer-sml-layout":"","ast-disable-related-posts":"","theme-transparent-header-meta":"default","adv-header-id-meta":"","stick-header-meta":"","header-above-stick-meta":"","header-main-stick-meta":"","header-below-stick-meta":"","astra-migrate-meta-layouts":"default","ast-page-background-enabled":"default","ast-page-background-meta":{"desktop":{"background-color":"var(--ast-global-color-4)","background-image":"","background-repeat":"repeat","background-position":"center center","background-size":"auto","background-attachment":"scroll","background-type":"","background-media":"","overlay-type":"","overlay-color":"","overlay-opacity":"","overlay-gradient":""},"tablet":{"background-color":"","background-image":"","background-repeat":"repeat","background-position":"center center","background-size":"auto","background-attachment":"scroll","background-type":"","background-media":"","overlay-type":"","overlay-color":"","overlay-opacity":"","overlay-gradient":""},"mobile":{"background-color":"","background-image":"","background-repeat":"repeat","background-position":"center center","background-size":"auto","background-attachment":"scroll","background-type":"","background-media":"","overlay-type":"","overlay-color":"","overlay-opacity":"","overlay-gradient":""}},"ast-content-background-meta":{"desktop":{"background-color":"var(--ast-global-color-5)","background-image":"","background-repeat":"repeat","background-position":"center center","background-size":"auto","background-attachment":"scroll","background-type":"","background-media":"","overlay-type":"","overlay-color":"","overlay-opacity":"","overlay-gradient":""},"tablet":{"background-color":"var(--ast-global-color-5)","background-image":"","background-repeat":"repeat","background-position":"center center","background-size":"auto","background-attachment":"scroll","background-type":"","background-media":"","overlay-type":"","overlay-color":"","overlay-opacity":"","overlay-gradient":""},"mobile":{"background-color":"var(--ast-global-color-5)","background-image":"","background-repeat":"repeat","background-position":"center center","background-size":"auto","background-attachment":"scroll","background-type":"","background-media":"","overlay-type":"","overlay-color":"","overlay-opacity":"","overlay-gradient":""}},"footnotes":""},"class_list":["post-928","page","type-page","status-publish","hentry"],"_links":{"self":[{"href":"https:\/\/www.holytrinityphiladelphia.org\/ro\/wp-json\/wp\/v2\/pages\/928","targetHints":{"allow":["GET"]}}],"collection":[{"href":"https:\/\/www.holytrinityphiladelphia.org\/ro\/wp-json\/wp\/v2\/pages"}],"about":[{"href":"https:\/\/www.holytrinityphiladelphia.org\/ro\/wp-json\/wp\/v2\/types\/page"}],"author":[{"embeddable":true,"href":"https:\/\/www.holytrinityphiladelphia.org\/ro\/wp-json\/wp\/v2\/users\/1"}],"replies":[{"embeddable":true,"href":"https:\/\/www.holytrinityphiladelphia.org\/ro\/wp-json\/wp\/v2\/comments?post=928"}],"version-history":[{"count":76,"href":"https:\/\/www.holytrinityphiladelphia.org\/ro\/wp-json\/wp\/v2\/pages\/928\/revisions"}],"predecessor-version":[{"id":1556,"href":"https:\/\/www.holytrinityphiladelphia.org\/ro\/wp-json\/wp\/v2\/pages\/928\/revisions\/1556"}],"up":[{"embeddable":true,"href":"https:\/\/www.holytrinityphiladelphia.org\/ro\/wp-json\/wp\/v2\/pages\/15"}],"wp:attachment":[{"href":"https:\/\/www.holytrinityphiladelphia.org\/ro\/wp-json\/wp\/v2\/media?parent=928"}],"curies":[{"name":"wp","href":"https:\/\/api.w.org\/{rel}","templated":true}]}}