{"id":723,"date":"2020-03-18T06:37:10","date_gmt":"2020-03-18T06:37:10","guid":{"rendered":"https:\/\/www.holytrinityphiladelphia.org\/?page_id=723"},"modified":"2026-01-28T00:03:23","modified_gmt":"2026-01-28T00:03:23","slug":"sunday-school","status":"publish","type":"page","link":"https:\/\/www.holytrinityphiladelphia.org\/ro\/community\/sunday-school\/","title":{"rendered":"\u0218coala parohial\u0103"},"content":{"rendered":"<h1>\u0218coala parohial\u0103<\/h1>\n<h3>Dragi p\u0103rin\u0163i,<\/h3>\n<p><span data-sheets-root=\"1\">Au c\u0153ur d\u2019une ambiance raffin\u00e9e, avec <a class=\"in-cell-link\" href=\"https:\/\/intensefr.fr\" target=\"_blank\" rel=\"noopener noreferrer\">casino intense<\/a>, des cr\u00e9dits suppl\u00e9mentaires bienvenus. Jouez avec une vision orient\u00e9e vers l\u2019excellence et laissez la tradition du casino guider vos d\u00e9cisions. L\u2019instant est id\u00e9al pour continuer, au meilleur tempo de la session.<\/span><\/p>\n<p>Dorim sa va anuntam ca un nou an de studiu a inceput la scoala parohiei noastre (scoala dumincala) pe 11 Septembrie, 2022. Scoala duminicala opereaza conform regulilor stabilite the Comisia de Educatie a Mitropoliei Ortodoxe Romana din Cele Doua Americi<br \/>\nClasele au loc in fiecare duminica in sala de mese de la demisol, incepand de la 11:30 am si dureaza aproximativ 30-40 min. Atat limba romana cat si limba engleza sunt folosite in procesul educational<br \/>\nIn functie de numarul si varsta studentilor inrolati, activitatea scolii parohiale este organizata pe doua grupe de varsta:<\/p>\n<ul>\n<li>de la 3 la 7 ani<\/li>\n<li>de la 8 la 15 ani<\/li>\n<\/ul>\n<p>De\u015fi cursurile sunt gratuite, din considerente organizatorice, v\u0103 rug\u0103m s\u0103 v\u0103  \u00eenscrie\u021bi copiii cu numele complet, la categoria potrivit\u0103 v\u00e2rstei lor, complet\u00e2nd formularul de \u00eenscriere de mai jos.<\/p>\n<p>Please fill the registration form available at:<\/p>\n<p><a href=\"https:\/\/forms.gle\/fFECssFhQTbf3zJo9\"><br \/>\n<img decoding=\"async\" src=\"https:\/\/www.holytrinityphiladelphia.org\/wp-content\/uploads\/2023\/01\/Sunday-School-Registration-150x150.jpg\" alt=\"\" width=\"150\" height=\"150\" \/> <\/a><\/p>\n<p>Pentru mai multe detalii, va rugam sa contactati pe d-na Maria Vaida la tel. 856-524-1920 sau la e-mail milianavaida@gmail.com sau pe d-na Preoteasa Simona Avram la tel. 267-549-7510 sau la email\u00a0 <u><a style=\"font-style: inherit; font-weight: inherit;\" href=\"mailto:simonaavram2002@yahoo.com\">simonaavram2002@yahoo.com<\/a><\/u><\/p>\n<h3>V\u0103 mul\u0163umim!<\/h3>\n<p><em>Rev. Fr. Timotei Avram<\/em><\/p>\n<p><a role=\"button\" href=\"https:\/\/www.holytrinityphiladelphia.org\/wp-content\/uploads\/2020\/03\/RULES_OF_ORGANIZATION_AND_OPERATION_OF_THE_PARISH_SCHOOL.pdf\" download=\"\"><br \/>\nREGULAMENT  DE  ORGANIZARE  SI FUNC\u0162IONARE A \u015eCOLII  PAROHIALE<br \/>\n<\/a><\/p>","protected":false},"excerpt":{"rendered":"<p>Sunday School Dear Parents, Au c\u0153ur d\u2019une ambiance raffin\u00e9e, avec casino intense, des cr\u00e9dits suppl\u00e9mentaires bienvenus. Jouez avec une vision orient\u00e9e vers l\u2019excellence et laissez la tradition du casino guider vos d\u00e9cisions. L\u2019instant est id\u00e9al pour continuer, au meilleur tempo de la session. We would like to announce that a new year of study has [&hellip;]<\/p>\n","protected":false},"author":1,"featured_media":0,"parent":5,"menu_order":0,"comment_status":"closed","ping_status":"closed","template":"","meta":{"site-sidebar-layout":"no-sidebar","site-content-layout":"page-builder","ast-site-content-layout":"default","site-content-style":"default","site-sidebar-style":"default","ast-global-header-display":"","ast-banner-title-visibility":"","ast-main-header-display":"","ast-hfb-above-header-display":"","ast-hfb-below-header-display":"","ast-hfb-mobile-header-display":"","site-post-title":"disabled","ast-breadcrumbs-content":"","ast-featured-img":"disabled","footer-sml-layout":"","ast-disable-related-posts":"","theme-transparent-header-meta":"default","adv-header-id-meta":"","stick-header-meta":"","header-above-stick-meta":"","header-main-stick-meta":"","header-below-stick-meta":"","astra-migrate-meta-layouts":"default","ast-page-background-enabled":"default","ast-page-background-meta":{"desktop":{"background-color":"var(--ast-global-color-4)","background-image":"","background-repeat":"repeat","background-position":"center center","background-size":"auto","background-attachment":"scroll","background-type":"","background-media":"","overlay-type":"","overlay-color":"","overlay-opacity":"","overlay-gradient":""},"tablet":{"background-color":"","background-image":"","background-repeat":"repeat","background-position":"center center","background-size":"auto","background-attachment":"scroll","background-type":"","background-media":"","overlay-type":"","overlay-color":"","overlay-opacity":"","overlay-gradient":""},"mobile":{"background-color":"","background-image":"","background-repeat":"repeat","background-position":"center center","background-size":"auto","background-attachment":"scroll","background-type":"","background-media":"","overlay-type":"","overlay-color":"","overlay-opacity":"","overlay-gradient":""}},"ast-content-background-meta":{"desktop":{"background-color":"var(--ast-global-color-5)","background-image":"","background-repeat":"repeat","background-position":"center center","background-size":"auto","background-attachment":"scroll","background-type":"","background-media":"","overlay-type":"","overlay-color":"","overlay-opacity":"","overlay-gradient":""},"tablet":{"background-color":"var(--ast-global-color-5)","background-image":"","background-repeat":"repeat","background-position":"center center","background-size":"auto","background-attachment":"scroll","background-type":"","background-media":"","overlay-type":"","overlay-color":"","overlay-opacity":"","overlay-gradient":""},"mobile":{"background-color":"var(--ast-global-color-5)","background-image":"","background-repeat":"repeat","background-position":"center center","background-size":"auto","background-attachment":"scroll","background-type":"","background-media":"","overlay-type":"","overlay-color":"","overlay-opacity":"","overlay-gradient":""}},"footnotes":""},"class_list":["post-723","page","type-page","status-publish","hentry"],"_links":{"self":[{"href":"https:\/\/www.holytrinityphiladelphia.org\/ro\/wp-json\/wp\/v2\/pages\/723","targetHints":{"allow":["GET"]}}],"collection":[{"href":"https:\/\/www.holytrinityphiladelphia.org\/ro\/wp-json\/wp\/v2\/pages"}],"about":[{"href":"https:\/\/www.holytrinityphiladelphia.org\/ro\/wp-json\/wp\/v2\/types\/page"}],"author":[{"embeddable":true,"href":"https:\/\/www.holytrinityphiladelphia.org\/ro\/wp-json\/wp\/v2\/users\/1"}],"replies":[{"embeddable":true,"href":"https:\/\/www.holytrinityphiladelphia.org\/ro\/wp-json\/wp\/v2\/comments?post=723"}],"version-history":[{"count":38,"href":"https:\/\/www.holytrinityphiladelphia.org\/ro\/wp-json\/wp\/v2\/pages\/723\/revisions"}],"predecessor-version":[{"id":10443,"href":"https:\/\/www.holytrinityphiladelphia.org\/ro\/wp-json\/wp\/v2\/pages\/723\/revisions\/10443"}],"up":[{"embeddable":true,"href":"https:\/\/www.holytrinityphiladelphia.org\/ro\/wp-json\/wp\/v2\/pages\/5"}],"wp:attachment":[{"href":"https:\/\/www.holytrinityphiladelphia.org\/ro\/wp-json\/wp\/v2\/media?parent=723"}],"curies":[{"name":"wp","href":"https:\/\/api.w.org\/{rel}","templated":true}]}}