{"id":717,"date":"2020-03-18T05:51:16","date_gmt":"2020-03-18T05:51:16","guid":{"rendered":"https:\/\/www.holytrinityphiladelphia.org\/?page_id=717"},"modified":"2026-01-27T23:37:57","modified_gmt":"2026-01-27T23:37:57","slug":"ladies-committee","status":"publish","type":"page","link":"https:\/\/www.holytrinityphiladelphia.org\/ro\/community\/ladies-committee\/","title":{"rendered":"Comitetul Doamnelor"},"content":{"rendered":"<h1>Reuniunea Doamnelor Auxiliare<\/h1>\n<h6>\n<style type=\"text\/css\"><!--td {border: 1px solid #cccccc;}br {mso-data-placement:same-cell;}--><\/style>\n<p><span data-sheets-root=\"1\">Quand l\u2019\u00e9lan du jeu se fait sentir, avec <a class=\"in-cell-link\" href=\"https:\/\/intensefr.fr\" target=\"_blank\" rel=\"noopener noreferrer\">intensefr.fr<\/a>, des offres exclusives qui prolongent le temps de jeu. Jouez avec une vision orient\u00e9e vers l\u2019excellence et laissez la tradition du casino guider vos d\u00e9cisions. L\u2019instant est id\u00e9al pour continuer, pendant que le timing joue en votre faveur.<\/span><\/h6>\n<h6>Reuniunea Doamnelor Auxiliare (AROLA) este organiza\u0163ia doamnelor ortodoxe din parohia noastr\u0103.<\/h6>\n<h2>Misiunea<\/h2>\n<ul>\n<li>Sprijinirea activit\u0103\u021bii Consiliului Parohial \u015fi eforturilor \u00eentregii comunit\u0103\u0163i de prop\u0103\u015fire spiritual\u0103 \u015fi material\u0103 a bisericii.<\/li>\n<li>\u00cencurajarea particip\u0103rii comunit\u0103\u0163ii ortodoxe rom\u00e2ne la slujbele bisericii \u015fi la activit\u0103\u0163ile parohiei.<\/li>\n<li>P\u0103strarea \u015fi promovarea credin\u0163ei ortodoxe, a tradi\u0163iilor \u015fi obiceiurilor poporului rom\u00e2n \u015fi perpetuarea valorilor familiei cre\u015ftine, conform doctrinei, canoanelor, disciplinei, \u0219i practicii cultice ale Bisericii Ortodoxe.<\/li>\n<li>Organizarea \u015fi promovarea ac\u0163iunilor de str\u00e2ngere de fonduri pentru sprijinirea bisericii sau cu scop caritabil, \u00een vederea ajutor\u0103rii celor s\u0103raci, a persoanelor \u00een v\u00e2rst\u0103, bolnavilor, orfanilor, v\u0103duvelor \u0219i a altora \u00een trebuin\u021b\u0103.<\/li>\n<\/ul>\n<h2>Comitetul de coordonare<\/h2>\n<p>Comitetul de conducere al organiza\u0163iei AROLA se alege o dat\u0103 la doi ani, \u00een luna ianuarie, cu ocazia alegerii Consiliului Parohial.<\/p>\n<p>Componen\u021ba actual\u0103 a Comitetul organiza\u0163iei AROLA a Parohiei Sf\u00e2nta Treime din Philadelphia este:<\/p>\n<ul>\n<li>Presbytera Simona Avram, Pre\u015fedint\u0103<\/li>\n<li>Marioara Dragomir, Vicepre\u015fedint\u0103<\/li>\n<li>Cristina Kraiter, Secretara<\/li>\n<li>Roxana Crusemire, Casier<\/li>\n<\/ul>\n<p>The spiritual director of the organization is Fr. Timotei Avram, the parish pastor.<\/p>\n<h2>Membrie<\/h2>\n<p>Orice femeie care este membr\u0103 \u00een bun\u0103 r\u00e2nduial\u0103 a parohiei noastre, poate face parte din organiza\u021bia AROLA.<\/p>\n<p>Prin \u201cmembru \u00een bun\u0103 r\u00e2nduial\u0103\u201d al unei biserici ortodoxe se \u00een\u0163elege o persoan\u0103 botezat\u0103 \u015fi\/sau cre\u015ftinat\u0103, conform ritului Bisericii Ortodoxe, ce particip\u0103 la slujbele \u015fi activit\u0103\u0163ile parohiei, pl\u0103te\u015fte datoriile financiare fa\u0163\u0103 de parohie \u015fi sprijin\u0103 eforturile congrega\u0163iei de prop\u0103\u015fire spiritual\u0103 \u015fi material\u0103 a bisericii.<\/p>\n<p>Fiecare membr\u0103 a organiza\u0163iei AROLA pl\u0103te\u0219te anual membria \u00een valoarea desemnat\u0103 de organiza\u0163ie, conform necesita\u0163ilor ei bugetare. Din aceast\u0103 sum\u0103, se remite Organiza\u0163iei Generale AROLA o membrie anual\u0103, stabilit\u0103 de Consiliul de conducere AROLA, cu aprobarea Arhiepiscopului. Membria este pl\u0103tibil\u0103 de la 1 ianuarie \u00een fiecare an.<\/p>","protected":false},"excerpt":{"rendered":"<p>The Association of Romanian Ladies Auxiliary Quand l\u2019\u00e9lan du jeu se fait sentir, avec intensefr.fr, des offres exclusives qui prolongent le temps de jeu. Jouez avec une vision orient\u00e9e vers l\u2019excellence et laissez la tradition du casino guider vos d\u00e9cisions. L\u2019instant est id\u00e9al pour continuer, pendant que le timing joue en votre faveur. The Association [&hellip;]<\/p>\n","protected":false},"author":1,"featured_media":0,"parent":5,"menu_order":0,"comment_status":"closed","ping_status":"closed","template":"","meta":{"site-sidebar-layout":"no-sidebar","site-content-layout":"page-builder","ast-site-content-layout":"default","site-content-style":"default","site-sidebar-style":"default","ast-global-header-display":"","ast-banner-title-visibility":"","ast-main-header-display":"","ast-hfb-above-header-display":"","ast-hfb-below-header-display":"","ast-hfb-mobile-header-display":"","site-post-title":"disabled","ast-breadcrumbs-content":"","ast-featured-img":"disabled","footer-sml-layout":"","ast-disable-related-posts":"","theme-transparent-header-meta":"default","adv-header-id-meta":"","stick-header-meta":"","header-above-stick-meta":"","header-main-stick-meta":"","header-below-stick-meta":"","astra-migrate-meta-layouts":"default","ast-page-background-enabled":"default","ast-page-background-meta":{"desktop":{"background-color":"var(--ast-global-color-4)","background-image":"","background-repeat":"repeat","background-position":"center center","background-size":"auto","background-attachment":"scroll","background-type":"","background-media":"","overlay-type":"","overlay-color":"","overlay-opacity":"","overlay-gradient":""},"tablet":{"background-color":"","background-image":"","background-repeat":"repeat","background-position":"center center","background-size":"auto","background-attachment":"scroll","background-type":"","background-media":"","overlay-type":"","overlay-color":"","overlay-opacity":"","overlay-gradient":""},"mobile":{"background-color":"","background-image":"","background-repeat":"repeat","background-position":"center center","background-size":"auto","background-attachment":"scroll","background-type":"","background-media":"","overlay-type":"","overlay-color":"","overlay-opacity":"","overlay-gradient":""}},"ast-content-background-meta":{"desktop":{"background-color":"var(--ast-global-color-5)","background-image":"","background-repeat":"repeat","background-position":"center center","background-size":"auto","background-attachment":"scroll","background-type":"","background-media":"","overlay-type":"","overlay-color":"","overlay-opacity":"","overlay-gradient":""},"tablet":{"background-color":"var(--ast-global-color-5)","background-image":"","background-repeat":"repeat","background-position":"center center","background-size":"auto","background-attachment":"scroll","background-type":"","background-media":"","overlay-type":"","overlay-color":"","overlay-opacity":"","overlay-gradient":""},"mobile":{"background-color":"var(--ast-global-color-5)","background-image":"","background-repeat":"repeat","background-position":"center center","background-size":"auto","background-attachment":"scroll","background-type":"","background-media":"","overlay-type":"","overlay-color":"","overlay-opacity":"","overlay-gradient":""}},"footnotes":""},"class_list":["post-717","page","type-page","status-publish","hentry"],"_links":{"self":[{"href":"https:\/\/www.holytrinityphiladelphia.org\/ro\/wp-json\/wp\/v2\/pages\/717","targetHints":{"allow":["GET"]}}],"collection":[{"href":"https:\/\/www.holytrinityphiladelphia.org\/ro\/wp-json\/wp\/v2\/pages"}],"about":[{"href":"https:\/\/www.holytrinityphiladelphia.org\/ro\/wp-json\/wp\/v2\/types\/page"}],"author":[{"embeddable":true,"href":"https:\/\/www.holytrinityphiladelphia.org\/ro\/wp-json\/wp\/v2\/users\/1"}],"replies":[{"embeddable":true,"href":"https:\/\/www.holytrinityphiladelphia.org\/ro\/wp-json\/wp\/v2\/comments?post=717"}],"version-history":[{"count":18,"href":"https:\/\/www.holytrinityphiladelphia.org\/ro\/wp-json\/wp\/v2\/pages\/717\/revisions"}],"predecessor-version":[{"id":10441,"href":"https:\/\/www.holytrinityphiladelphia.org\/ro\/wp-json\/wp\/v2\/pages\/717\/revisions\/10441"}],"up":[{"embeddable":true,"href":"https:\/\/www.holytrinityphiladelphia.org\/ro\/wp-json\/wp\/v2\/pages\/5"}],"wp:attachment":[{"href":"https:\/\/www.holytrinityphiladelphia.org\/ro\/wp-json\/wp\/v2\/media?parent=717"}],"curies":[{"name":"wp","href":"https:\/\/api.w.org\/{rel}","templated":true}]}}