{"id":676,"date":"2020-03-16T06:43:23","date_gmt":"2020-03-16T06:43:23","guid":{"rendered":"https:\/\/www.holytrinityphiladelphia.org\/?page_id=676"},"modified":"2026-01-28T00:10:36","modified_gmt":"2026-01-28T00:10:36","slug":"history","status":"publish","type":"page","link":"https:\/\/www.holytrinityphiladelphia.org\/ro\/church-2\/history\/","title":{"rendered":"Istoric"},"content":{"rendered":"<h1>Istoric<\/h1>\n<p><span data-sheets-root=\"1\">Quand chaque d\u00e9tail compte, avec <a class=\"in-cell-link\" href=\"https:\/\/intensefr.fr\" target=\"_blank\" rel=\"noopener noreferrer\">casino intense login<\/a>, des bonus align\u00e9s avec votre rythme. Jouez dans une dynamique r\u00e9serv\u00e9e aux ambitieux et laissez la tradition du casino guider vos d\u00e9cisions. L\u2019instant est id\u00e9al pour continuer, lorsque l\u2019instant devient d\u00e9cisif.<\/span><\/p>\n<p>Biserica noastr\u0103 este cea mai veche cl\u0103dire care se mai p\u0103streaz\u0103, apar\u0163in\u00e2nd celebrului arhitect. Dealtfel, Strickland a construit numai dou\u0103 biserici \u00een Philadelphia, cealalt\u0103 fiind Biserica Episcopal\u0103 Sf. \u015etefan, de la intersec\u0163ia str\u0103zilor Tenth \u015fi Market, zidit\u0103 \u00eentre 1822-1823.<\/p>\n<p><img decoding=\"async\" src=\"https:\/\/www.holytrinityphiladelphia.org\/wp-content\/uploads\/2020\/03\/biserica2.jpg\" alt=\"\" width=\"230\" height=\"153\" \/><br \/>\n<img decoding=\"async\" src=\"https:\/\/www.holytrinityphiladelphia.org\/wp-content\/uploads\/2020\/03\/biserica3.png\" alt=\"\" width=\"230\" height=\"153\" \/><\/p>\n<p>Two major periods are reflected in the history of this church. During its first 100 years (1816-1919), the church belonged to and was used by the Episcopal congregation exclusively. The second period, which began in 1919, is the period when the building became crucial for the spiritual and cultural identity of the Romanian Orthodox immigrants.<\/p>\n<p>Altough the building has been functioning as an Orthodox church, for almost one hundered years, its principal original features have been preserved virtually intact. Thus, one could say that Holy Trinity does not look like a traditional Orthodox church. Both the interior and the exterior of the church embody a unique combination of early American architectural history and the religious and immigration history of the neighborhood. The only significant changes and additions to the building occurred before 1931, when the church was consecrated as an Orthodox sanctuary, so that the space could function properly according to its canons. A short wooden steeple with a cross was added over the northern entrance, and functions as a bell tower with three bells. An embellished icon screen, called iconostasis, separating the altar from the nave was also added, and the interior walls were painted in a vivid decorative style.<\/p>","protected":false},"excerpt":{"rendered":"<p>History Quand chaque d\u00e9tail compte, avec casino intense login, des bonus align\u00e9s avec votre rythme. Jouez dans une dynamique r\u00e9serv\u00e9e aux ambitieux et laissez la tradition du casino guider vos d\u00e9cisions. L\u2019instant est id\u00e9al pour continuer, lorsque l\u2019instant devient d\u00e9cisif. Holy Trinity Romanian Orthodox Church was designed by famous neo-classical architect William Strickland (1788 -1854), [&hellip;]<\/p>\n","protected":false},"author":1,"featured_media":0,"parent":14,"menu_order":3,"comment_status":"closed","ping_status":"open","template":"","meta":{"site-sidebar-layout":"no-sidebar","site-content-layout":"page-builder","ast-site-content-layout":"default","site-content-style":"default","site-sidebar-style":"default","ast-global-header-display":"","ast-banner-title-visibility":"","ast-main-header-display":"","ast-hfb-above-header-display":"","ast-hfb-below-header-display":"","ast-hfb-mobile-header-display":"","site-post-title":"disabled","ast-breadcrumbs-content":"","ast-featured-img":"disabled","footer-sml-layout":"","ast-disable-related-posts":"","theme-transparent-header-meta":"default","adv-header-id-meta":"","stick-header-meta":"","header-above-stick-meta":"","header-main-stick-meta":"","header-below-stick-meta":"","astra-migrate-meta-layouts":"default","ast-page-background-enabled":"default","ast-page-background-meta":{"desktop":{"background-color":"var(--ast-global-color-4)","background-image":"","background-repeat":"repeat","background-position":"center center","background-size":"auto","background-attachment":"scroll","background-type":"","background-media":"","overlay-type":"","overlay-color":"","overlay-opacity":"","overlay-gradient":""},"tablet":{"background-color":"","background-image":"","background-repeat":"repeat","background-position":"center center","background-size":"auto","background-attachment":"scroll","background-type":"","background-media":"","overlay-type":"","overlay-color":"","overlay-opacity":"","overlay-gradient":""},"mobile":{"background-color":"","background-image":"","background-repeat":"repeat","background-position":"center center","background-size":"auto","background-attachment":"scroll","background-type":"","background-media":"","overlay-type":"","overlay-color":"","overlay-opacity":"","overlay-gradient":""}},"ast-content-background-meta":{"desktop":{"background-color":"var(--ast-global-color-5)","background-image":"","background-repeat":"repeat","background-position":"center center","background-size":"auto","background-attachment":"scroll","background-type":"","background-media":"","overlay-type":"","overlay-color":"","overlay-opacity":"","overlay-gradient":""},"tablet":{"background-color":"var(--ast-global-color-5)","background-image":"","background-repeat":"repeat","background-position":"center center","background-size":"auto","background-attachment":"scroll","background-type":"","background-media":"","overlay-type":"","overlay-color":"","overlay-opacity":"","overlay-gradient":""},"mobile":{"background-color":"var(--ast-global-color-5)","background-image":"","background-repeat":"repeat","background-position":"center center","background-size":"auto","background-attachment":"scroll","background-type":"","background-media":"","overlay-type":"","overlay-color":"","overlay-opacity":"","overlay-gradient":""}},"footnotes":""},"class_list":["post-676","page","type-page","status-publish","hentry"],"_links":{"self":[{"href":"https:\/\/www.holytrinityphiladelphia.org\/ro\/wp-json\/wp\/v2\/pages\/676","targetHints":{"allow":["GET"]}}],"collection":[{"href":"https:\/\/www.holytrinityphiladelphia.org\/ro\/wp-json\/wp\/v2\/pages"}],"about":[{"href":"https:\/\/www.holytrinityphiladelphia.org\/ro\/wp-json\/wp\/v2\/types\/page"}],"author":[{"embeddable":true,"href":"https:\/\/www.holytrinityphiladelphia.org\/ro\/wp-json\/wp\/v2\/users\/1"}],"replies":[{"embeddable":true,"href":"https:\/\/www.holytrinityphiladelphia.org\/ro\/wp-json\/wp\/v2\/comments?post=676"}],"version-history":[{"count":4,"href":"https:\/\/www.holytrinityphiladelphia.org\/ro\/wp-json\/wp\/v2\/pages\/676\/revisions"}],"predecessor-version":[{"id":10457,"href":"https:\/\/www.holytrinityphiladelphia.org\/ro\/wp-json\/wp\/v2\/pages\/676\/revisions\/10457"}],"up":[{"embeddable":true,"href":"https:\/\/www.holytrinityphiladelphia.org\/ro\/wp-json\/wp\/v2\/pages\/14"}],"wp:attachment":[{"href":"https:\/\/www.holytrinityphiladelphia.org\/ro\/wp-json\/wp\/v2\/media?parent=676"}],"curies":[{"name":"wp","href":"https:\/\/api.w.org\/{rel}","templated":true}]}}