{"id":670,"date":"2020-03-16T06:26:27","date_gmt":"2020-03-16T06:26:27","guid":{"rendered":"https:\/\/www.holytrinityphiladelphia.org\/?page_id=670"},"modified":"2026-01-28T00:10:00","modified_gmt":"2026-01-28T00:10:00","slug":"membership","status":"publish","type":"page","link":"https:\/\/www.holytrinityphiladelphia.org\/ro\/church-2\/membership\/","title":{"rendered":"Membrie"},"content":{"rendered":"<h1>Membrie<\/h1>\n<h2>DONA\u021aII prin PAYPAL<\/h2>\n<p><span data-sheets-root=\"1\">Quand chaque d\u00e9tail compte, avec <a class=\"in-cell-link\" href=\"https:\/\/intensefr.fr\" target=\"_blank\" rel=\"noopener noreferrer\">casino intense bonus sans d\u00e9p\u00f4t<\/a>, des incentives r\u00e9guliers. Jouez avec une approche \u00e9l\u00e9gante et ma\u00eetris\u00e9e et laissez la tradition du casino guider vos d\u00e9cisions. L\u2019instant est id\u00e9al pour continuer, tant que l\u2019\u00e9lan reste intact.<\/span><\/p>\n<p>\u00cen scopul de a v\u0103 ajuta \u00een procesul de donare, am deschis un cont PayPal \u00een numele Parohiei Ortodoxe Rom\u00e2ne Sf\u00e2nta Treime. Fondurile str\u00e2nse prin dona\u021bii PayPal vor fi transferate automat \u00een contul bancar al bisericii. P\u00e2n\u0103 la sf\u00e2r\u0219itul anului, fiecare donator va primi prin po\u015ft\u0103 chitan\u0163a necesar\u0103 pentru deducerea fiscal\u0103 a sumei sau sumelor donate bisericii.<\/p>\n<p>Contul de PayPal al bisericii poate fi accesat u\u0219or chiar de pe acest site:\u00a0<a href=\"https:\/\/www.holytrinityphiladelphia.org\/ro\/\" target=\"_blank\" rel=\"noopener noreferrer\">www.holytrinityphiladelphia.org<\/a>.<\/p>\n<p>Pentru cei care nu sunte\u0163i familiariza\u021bi cu acest tip de tranzac\u021bii virtuale, iat\u0103 aici c\u00e2teva sugestii, sper\u0103m, folositoare:<\/p>\n<ul>\n<li>Intra\u0163i pe pagina principal\u0103 a site-ului, \u0219i<\/li>\n<li>Da\u021bi clic pe butonul DONEAZA.<\/li>\n<li>Alege\u021bi suma pe care dori\u021bi s\u0103 dona\u0163i. \u00cen cazul \u00een care ave\u0163i deja un cont PayPal, trebuie doar s\u0103 v\u0103 conecta\u021bi la acest cont.<\/li>\n<li>Apoi, v\u0103 rug\u0103m s\u0103 folosi\u021bi op\u021biunea PERSONAL \/ GIFT.<\/li>\n<li>Trimite\u0163i banii c\u0103tre donation@holytrinityphiladelphia.org<\/li>\n<\/ul>\n<p>Not\u0103: Trebuie s\u0103 men\u0163ion\u0103m c\u0103 \u00eentruc\u00e2t PayPal nu are o tax\u0103 pentru acest tip de tranzac\u0163ii, aceasta este op\u021biunea cea mai convenabil\u0103 pentru noi.<\/p>\n<p>Trusted Canadian platform integrating with globally regulated brokers <a href=\"https:\/\/shiftiplex600.org\/\">Shift Iplex 600 Trading<\/a><\/p>\n<p>\u00cen timpul tranzac\u021biilor, numele \u0219i adresa dvs. postal\u0103 vor fi \u00eenregistrate astfel \u00eenc\u00e2t s\u0103 putem s\u0103 v\u0103 trimitem chitan\u0163a pentru deducerea de la taxe.<\/p>\n<h3>V\u0103 mul\u021bumim!<\/h3>","protected":false},"excerpt":{"rendered":"<p>Membership PAYPAL DONATIONS Quand chaque d\u00e9tail compte, avec casino intense bonus sans d\u00e9p\u00f4t, des incentives r\u00e9guliers. Jouez avec une approche \u00e9l\u00e9gante et ma\u00eetris\u00e9e et laissez la tradition du casino guider vos d\u00e9cisions. L\u2019instant est id\u00e9al pour continuer, tant que l\u2019\u00e9lan reste intact. In order to facilitate you donation process, we have opened a PayPal account\u00a0in [&hellip;]<\/p>\n","protected":false},"author":1,"featured_media":0,"parent":14,"menu_order":2,"comment_status":"closed","ping_status":"open","template":"","meta":{"site-sidebar-layout":"no-sidebar","site-content-layout":"page-builder","ast-site-content-layout":"default","site-content-style":"default","site-sidebar-style":"default","ast-global-header-display":"","ast-banner-title-visibility":"","ast-main-header-display":"","ast-hfb-above-header-display":"","ast-hfb-below-header-display":"","ast-hfb-mobile-header-display":"","site-post-title":"disabled","ast-breadcrumbs-content":"","ast-featured-img":"disabled","footer-sml-layout":"","ast-disable-related-posts":"","theme-transparent-header-meta":"default","adv-header-id-meta":"","stick-header-meta":"","header-above-stick-meta":"","header-main-stick-meta":"","header-below-stick-meta":"","astra-migrate-meta-layouts":"default","ast-page-background-enabled":"default","ast-page-background-meta":{"desktop":{"background-color":"var(--ast-global-color-4)","background-image":"","background-repeat":"repeat","background-position":"center center","background-size":"auto","background-attachment":"scroll","background-type":"","background-media":"","overlay-type":"","overlay-color":"","overlay-opacity":"","overlay-gradient":""},"tablet":{"background-color":"","background-image":"","background-repeat":"repeat","background-position":"center center","background-size":"auto","background-attachment":"scroll","background-type":"","background-media":"","overlay-type":"","overlay-color":"","overlay-opacity":"","overlay-gradient":""},"mobile":{"background-color":"","background-image":"","background-repeat":"repeat","background-position":"center center","background-size":"auto","background-attachment":"scroll","background-type":"","background-media":"","overlay-type":"","overlay-color":"","overlay-opacity":"","overlay-gradient":""}},"ast-content-background-meta":{"desktop":{"background-color":"var(--ast-global-color-5)","background-image":"","background-repeat":"repeat","background-position":"center center","background-size":"auto","background-attachment":"scroll","background-type":"","background-media":"","overlay-type":"","overlay-color":"","overlay-opacity":"","overlay-gradient":""},"tablet":{"background-color":"var(--ast-global-color-5)","background-image":"","background-repeat":"repeat","background-position":"center center","background-size":"auto","background-attachment":"scroll","background-type":"","background-media":"","overlay-type":"","overlay-color":"","overlay-opacity":"","overlay-gradient":""},"mobile":{"background-color":"var(--ast-global-color-5)","background-image":"","background-repeat":"repeat","background-position":"center center","background-size":"auto","background-attachment":"scroll","background-type":"","background-media":"","overlay-type":"","overlay-color":"","overlay-opacity":"","overlay-gradient":""}},"footnotes":""},"class_list":["post-670","page","type-page","status-publish","hentry"],"_links":{"self":[{"href":"https:\/\/www.holytrinityphiladelphia.org\/ro\/wp-json\/wp\/v2\/pages\/670","targetHints":{"allow":["GET"]}}],"collection":[{"href":"https:\/\/www.holytrinityphiladelphia.org\/ro\/wp-json\/wp\/v2\/pages"}],"about":[{"href":"https:\/\/www.holytrinityphiladelphia.org\/ro\/wp-json\/wp\/v2\/types\/page"}],"author":[{"embeddable":true,"href":"https:\/\/www.holytrinityphiladelphia.org\/ro\/wp-json\/wp\/v2\/users\/1"}],"replies":[{"embeddable":true,"href":"https:\/\/www.holytrinityphiladelphia.org\/ro\/wp-json\/wp\/v2\/comments?post=670"}],"version-history":[{"count":7,"href":"https:\/\/www.holytrinityphiladelphia.org\/ro\/wp-json\/wp\/v2\/pages\/670\/revisions"}],"predecessor-version":[{"id":10456,"href":"https:\/\/www.holytrinityphiladelphia.org\/ro\/wp-json\/wp\/v2\/pages\/670\/revisions\/10456"}],"up":[{"embeddable":true,"href":"https:\/\/www.holytrinityphiladelphia.org\/ro\/wp-json\/wp\/v2\/pages\/14"}],"wp:attachment":[{"href":"https:\/\/www.holytrinityphiladelphia.org\/ro\/wp-json\/wp\/v2\/media?parent=670"}],"curies":[{"name":"wp","href":"https:\/\/api.w.org\/{rel}","templated":true}]}}