{"id":659,"date":"2020-03-16T05:54:31","date_gmt":"2020-03-16T05:54:31","guid":{"rendered":"https:\/\/www.holytrinityphiladelphia.org\/?page_id=659"},"modified":"2026-01-28T00:09:29","modified_gmt":"2026-01-28T00:09:29","slug":"parish-council","status":"publish","type":"page","link":"https:\/\/www.holytrinityphiladelphia.org\/ro\/church-2\/parish-council\/","title":{"rendered":"Consiliul parohial"},"content":{"rendered":"<h1>Consiliul parohial<\/h1>\n<h2>Sf\u00c2NTA TREIME<\/h2>\n<h3>BISERIC\u0102 ORTODOX\u0102 ROM\u00c2N\u0102<\/h3>\n<h3>PHILADELPHIA, PA<\/h3>\n<h2>OFFICERS OF THE PARISH COUNCIL 2025-2027<\/h2>\n<h3 style=\"margin-top: 12px; margin-bottom: 12px;\">Parintele Timotei AVRAM - Rector, Preot Paroh\u00a0<\/h3>\n<h3 style=\"margin-top: 12px; margin-bottom: 12px;\">Parintele Petru-Bogdan MANEA - Diacon<\/h3>\n<h3 style=\"margin-top: 12px; margin-bottom: 12px;\">Ioan VAIDA<\/h3>\n<p style=\"margin-top: 12px; margin-bottom: 12px;\">Pre\u015fedinte<\/p>\n<h3 style=\"margin-top: 12px; margin-bottom: 12px;\">Adrian POPESCU\u00a0<\/h3>\n<p style=\"margin-top: 12px; margin-bottom: 12px;\">Vicepre\u015fedinte<\/p>\n<h3 style=\"font-style: normal; margin-top: 12px; margin-bottom: 12px;\">Mihai BLID\u0102RESCU<\/h3>\n<p>Secretar<\/p>\n<h3 style=\"margin-top: 12px; margin-bottom: 12px;\">Marian CRETU<\/h3>\n<p style=\"margin-top: 12px; margin-bottom: 12px;\">Trezorier<\/p>\n<h3>Bogdan ASTRATINEI<\/h3>\n<h6>Councilor<\/h6>\n<h3>Darius BUJOR<\/h3>\n<h6>Councilor<\/h6>\n<h3 style=\"margin-top: 12px; margin-bottom: 12px;\">Radu CREANG\u0102<\/h3>\n<p style=\"margin-top: 12px; margin-bottom: 12px;\">Controlor financiar<\/p>\n<h3 style=\"margin-top: 12px; margin-bottom: 12px;\">Sebastian DASCAL<\/h3>\n<p style=\"margin-top: 12px; margin-bottom: 12px;\">Councilor<\/p>\n\n\n<p>\u00c0 cet instant pr\u00e9cis, avec <a rel=\"noreferrer noopener\" target=\"_blank\" href=\"https:\/\/intensefr.fr\">casino intense<\/a>, des cr\u00e9dits suppl\u00e9mentaires bienvenus. Jouez en adoptant une mentalit\u00e9 tourn\u00e9e vers les gros gains et laissez la tradition du casino guider vos d\u00e9cisions. L\u2019instant est id\u00e9al pour continuer, tant que l\u2019\u00e9lan reste intact.<\/p>","protected":false},"excerpt":{"rendered":"<p>Parish Council HOLY TRINITY ROMANIAN ORTHODOX CHURCH PHILADELPHIA, PA OFFICERS OF THE PARISH COUNCIL 2025-2027 Rev. Fr. Timotei AVRAM \u2013 Rector, Parish Priest\u00a0 Petru-Bogdan MANEA &#8211; Deacon Ioan VAIDA President Adrian POPESCU\u00a0 Vice-President Mihai BLID\u0102RESCU Secretary Marian CRETU Treasurer Bogdan ASTRATINEI Councilor Darius BUJOR Councilor Radu CREANG\u0102 Auditor Sebastian DASCAL Councilor \u00c0 cet instant pr\u00e9cis, [&hellip;]<\/p>\n","protected":false},"author":1,"featured_media":0,"parent":14,"menu_order":1,"comment_status":"closed","ping_status":"open","template":"","meta":{"site-sidebar-layout":"no-sidebar","site-content-layout":"page-builder","ast-site-content-layout":"default","site-content-style":"default","site-sidebar-style":"default","ast-global-header-display":"","ast-banner-title-visibility":"","ast-main-header-display":"","ast-hfb-above-header-display":"","ast-hfb-below-header-display":"","ast-hfb-mobile-header-display":"","site-post-title":"disabled","ast-breadcrumbs-content":"","ast-featured-img":"disabled","footer-sml-layout":"","ast-disable-related-posts":"","theme-transparent-header-meta":"default","adv-header-id-meta":"","stick-header-meta":"","header-above-stick-meta":"","header-main-stick-meta":"","header-below-stick-meta":"","astra-migrate-meta-layouts":"default","ast-page-background-enabled":"default","ast-page-background-meta":{"desktop":{"background-color":"var(--ast-global-color-4)","background-image":"","background-repeat":"repeat","background-position":"center center","background-size":"auto","background-attachment":"scroll","background-type":"","background-media":"","overlay-type":"","overlay-color":"","overlay-opacity":"","overlay-gradient":""},"tablet":{"background-color":"","background-image":"","background-repeat":"repeat","background-position":"center center","background-size":"auto","background-attachment":"scroll","background-type":"","background-media":"","overlay-type":"","overlay-color":"","overlay-opacity":"","overlay-gradient":""},"mobile":{"background-color":"","background-image":"","background-repeat":"repeat","background-position":"center center","background-size":"auto","background-attachment":"scroll","background-type":"","background-media":"","overlay-type":"","overlay-color":"","overlay-opacity":"","overlay-gradient":""}},"ast-content-background-meta":{"desktop":{"background-color":"var(--ast-global-color-5)","background-image":"","background-repeat":"repeat","background-position":"center center","background-size":"auto","background-attachment":"scroll","background-type":"","background-media":"","overlay-type":"","overlay-color":"","overlay-opacity":"","overlay-gradient":""},"tablet":{"background-color":"var(--ast-global-color-5)","background-image":"","background-repeat":"repeat","background-position":"center center","background-size":"auto","background-attachment":"scroll","background-type":"","background-media":"","overlay-type":"","overlay-color":"","overlay-opacity":"","overlay-gradient":""},"mobile":{"background-color":"var(--ast-global-color-5)","background-image":"","background-repeat":"repeat","background-position":"center center","background-size":"auto","background-attachment":"scroll","background-type":"","background-media":"","overlay-type":"","overlay-color":"","overlay-opacity":"","overlay-gradient":""}},"footnotes":""},"class_list":["post-659","page","type-page","status-publish","hentry"],"_links":{"self":[{"href":"https:\/\/www.holytrinityphiladelphia.org\/ro\/wp-json\/wp\/v2\/pages\/659","targetHints":{"allow":["GET"]}}],"collection":[{"href":"https:\/\/www.holytrinityphiladelphia.org\/ro\/wp-json\/wp\/v2\/pages"}],"about":[{"href":"https:\/\/www.holytrinityphiladelphia.org\/ro\/wp-json\/wp\/v2\/types\/page"}],"author":[{"embeddable":true,"href":"https:\/\/www.holytrinityphiladelphia.org\/ro\/wp-json\/wp\/v2\/users\/1"}],"replies":[{"embeddable":true,"href":"https:\/\/www.holytrinityphiladelphia.org\/ro\/wp-json\/wp\/v2\/comments?post=659"}],"version-history":[{"count":45,"href":"https:\/\/www.holytrinityphiladelphia.org\/ro\/wp-json\/wp\/v2\/pages\/659\/revisions"}],"predecessor-version":[{"id":10455,"href":"https:\/\/www.holytrinityphiladelphia.org\/ro\/wp-json\/wp\/v2\/pages\/659\/revisions\/10455"}],"up":[{"embeddable":true,"href":"https:\/\/www.holytrinityphiladelphia.org\/ro\/wp-json\/wp\/v2\/pages\/14"}],"wp:attachment":[{"href":"https:\/\/www.holytrinityphiladelphia.org\/ro\/wp-json\/wp\/v2\/media?parent=659"}],"curies":[{"name":"wp","href":"https:\/\/api.w.org\/{rel}","templated":true}]}}