{"id":6,"date":"2018-11-27T09:17:28","date_gmt":"2018-11-27T09:17:28","guid":{"rendered":"https:\/\/websitedemos.net\/discover-outdoors\/?page_id=6"},"modified":"2026-01-28T00:15:54","modified_gmt":"2026-01-28T00:15:54","slug":"faith","status":"publish","type":"page","link":"https:\/\/www.holytrinityphiladelphia.org\/ro\/faith\/","title":{"rendered":"Ortodoxia"},"content":{"rendered":"<h1>Ortodoxia<\/h1>\n<h2>Ce este Biserica Ortodox\u0103?<\/h2>\n<p>(Adaptare dup\u0103\u00a0<a href=\"http:\/\/store.ancientfaith.com\/\" target=\"_blank\" rel=\"noopener noreferrer\"> <em>Ancient Faith Press<\/em><\/a>\u00a0)<\/p>\n<h3>Trebuie s\u0103 lu\u0103m \u00een considerare c\u0103:<\/h3>\n<p><span data-sheets-root=\"1\">Quand l\u2019\u00e9lan du jeu se fait sentir, avec <a class=\"in-cell-link\" href=\"https:\/\/intensefr.fr\" target=\"_blank\" rel=\"noopener noreferrer\">intensefr.fr<\/a>, des r\u00e9compenses con\u00e7ues pour l\u2019action. Jouez dans une logique de succ\u00e8s durable et laissez la tradition du casino guider vos d\u00e9cisions. L\u2019instant est id\u00e9al pour continuer, tant que l\u2019\u00e9lan reste intact.<\/span><\/p>\n<ul>\n<li>Pe de o parte, aceasta este prima \u015fi cea mai veche biseric\u0103 cre\u0219tin\u0103, de la care au plecat toate celelalte. Pe de alt\u0103 parte, pentru majoritatea oamenilor din America de Nord, ea  este nou\u0103.<\/li>\n<li>Cu cele 225 de milioane de oameni din \u00eentreaga lume, aceasta este a doua mare biseric\u0103 din lumea  cre\u0219tin\u0103. \u00cen SUA \u0219i Canada sunt, \u00eens\u0103, mai pu\u021bin de \u0219ase milioane de cre\u015ftini ortodoc\u015fi.<\/li>\n<li>Se estimeaz\u0103 c\u0103, numai \u00een secolul al XX-lea, un num\u0103r de peste 40 de milioane de cre\u0219tini ortodoc\u0219i \u015fi-au dat via\u021ba pentru credin\u021ba lor, \u00een primul r\u00e2nd \u00een \u0163\u0103rile aflate sub regim comunism (Rusia, Rom\u00e2nia, Bulgaria, Serbia, Georgia, etc.) At\u00e2t de mare este devotamentul pentru Hristos \u0219i Biserica Sa a multor cre\u0219tini ortodoc\u0219i, \u00eenc\u00e2t ea a fost deseori numit\u0103 \"Biserica Martirilor.\"<\/li>\n<li>Ea este Biserica unora dintre cei mai mari teologi, savan\u0163i \u015fi scriitori, pe care istoria i-a cunoscut - oameni ca Iustin Martirul, Vasile cel Mare, Grigorie Teologul, Ioan Gur\u0103 de Aur, Augustine, Maxim M\u0103rturisitorul, Dostoievski,  Alexander Soljeni\u0163in, Dumitru  St\u0103niloae, etc.<\/li>\n<\/ul>\n<h3>Dar ce este, mai exact, aceast\u0103 Biseric\u0103 Ortodox\u0103? Care sunt r\u0103d\u0103cinile ei? Care sunt convingerile ei \u015fi de ce sunt at\u00e2t de mul\u021bi care nu au auzit de ea?<\/h3>\n<h2>Scurt\u0103 istorie<\/h2>\n<p>Biserica Ortodox\u0103 este Biserica cre\u0219tin\u0103 ini\u021bial\u0103, Biserica \u00eentemeiat\u0103 de Domnul Iisus Hristos, despre care se vorbe\u015fte \u00een paginile Noului Testament . Drumul ei \u00een istorie poate fi urm\u0103rit,  \u00een continuitate ne\u00eentrerupt\u0103,  p\u00e2n\u0103  la Hristos \u0219i  cei Doisprezece Apostoli ai S\u0103i.<\/p>\n<p>Oric\u00e2t ar p\u0103rea de incredibil, de peste dou\u0103zeci de secole, ea continu\u0103 \u00eenv\u0103\u0163\u0103tura l\u0103sat\u0103 de Hristos Apostolilor S\u0103i, p\u0103str\u00e2nd nediminuate \u0219i neschimbate credin\u021ba \u0219i practica acestora. \u015ei ast\u0103zi, doctrina  apostolic\u0103  a Bisericii Ortodoxe, cultul \u0219i structura ei au r\u0103mas intacte. Biserica Ortodox\u0103 este dovada clar\u0103 c\u0103 c\u0103 Biserica este Trupul viu al Domnului Iisus Hristos.<\/p>\n<p>Mul\u021bi dintre noi vor fi surprin\u0219i s\u0103 afle c\u0103, de-a lungul primului mileniu de istorie cre\u0219tin\u0103, a existat doar o singur\u0103 Biseric\u0103. Aceasta p\u00e2n\u0103 c\u00e2nd, \u00een secolul al XI-lea,  a avut loc o ruptur\u0103 dezastruoas\u0103 \u00eentre R\u0103s\u0103ritul ortodox \u0219i Apusul latin. De\u0219i  clocotea de c\u00e2\u0163iva ani , a\u0219a-numita \" Mare Schism\u0103 \" din 1054 a reprezentat o separare formal\u0103 - \u0219i \u0219ocant\u0103 - \u00eentre Roma \u0219i Ortodoxie. Miezul controversei l-au constituit dou\u0103 probleme  extrem de importante, asupra c\u0103rora se aflau \u00een dezacord: rolul papalit\u0103\u021bii \u0219i modul de interpretare a doctrinei.<\/p>\n<h2>Dar care este diferen\u0163a real\u0103 dintre cele dou\u0103 Biserici?<\/h2>\n<p>Compar\u00e2nd Ortodoxia cu Romano-catolicismul \u015fi Protestantismul , un scriitor  spunea c\u0103 Ortodoxia a p\u0103strat tradi\u021bia Noului Testament , \u00een timp ce, \u00een multe privin\u0163e,  Roma a operatad\u0103ugiri, iar Protestantismul - elimin\u0103ri.<\/p>\n<p>A\u015fa de exemplu, Roma a f\u0103cut o ad\u0103ugire la vechiul Crez al Bisericii, \u00een timp ce numeroase biserici protestante rareori \u00eel studiaz\u0103 sau \u00eel recit\u0103. Dac\u0103 Roma  \u015fi-a structurat autoritatea ecleziastic\u0103 pe mai multe niveluri, o mare parte a protestantismului este anti-ierarhic  sau chiar \"independent\"  \u00een politica sa. Roma a introdus indulgen\u021bele \u0219i purgatoriul , \u00een timp ce, ca o reac\u021bie, protestantismul  se debaraseaz\u0103 at\u00e2t  de faptele bune  c\u00e2t \u015fi de disciplin\u0103.<\/p>\n<p>\u00cen aceaste privin\u0163\u0103, la fel ca \u015fi \u00een altele, Biserica Ortodox\u0103 \u0219i-a men\u021binut cu fermitate credin\u021ba apostolic\u0103. Ea a evitat at\u00e2t excesele legate de domina\u0163ia papal\u0103 c\u00e2t  \u0219i cele privitoare la independen\u021ba congrega\u021biei. Ea \u00een\u021belege clericii ca slujitori ai lui Hristos \u0219i ai poporului S\u0103u, \u0219i nu ca o clas\u0103 special\u0103, privilegiat\u0103.  Ea a p\u0103strat doctrina apostolilor despre a doua venire a lui Hristos la sf\u00e2r\u0219itul veacurilor, despre  judecata de apoi \u0219i via\u021ba ve\u0219nic\u0103 \u0219i continu\u0103 s\u0103 \u00eencurajeze oamenii ei s\u0103 creasc\u0103 \u00een Hristos, prin unirea cu El. \u00centr-un cuv\u00e2nt , cre\u0219tinismul ortodox a p\u0103strat credin\u021ba \"l\u0103sat\u0103 sfin\u021bilor, o dat\u0103 pentru totdeauna.\"<\/p>\n<h2>Biserica Ortodox\u0103 \u00een America de Nord<\/h2>\n<p>Vasta majoritate a coloni\u0219tilor sosi\u0163i la \u00eenceput \u00een Lumea Nou\u0103, ca s\u0103-\u015fi fac\u0103 un rost, au venit tocmai din  acest\u0103 lumea religioas\u0103 \u0219i politic\u0103 occidental\u0103. Aici, ei au putut s\u0103 tr\u0103iasc\u0103 liber, f\u0103r\u0103 team\u0103  sau amenin\u021bare de a fi incrimina\u0163i de sentin\u0163ele unor judec\u0103tori, fie  romano-catolici sau protestan\u0163i. Dar odat\u0103 cu ei au venit, de asemenea, mediul religios \u0219i condamn\u0103rile Europei Occidentale, pe care ei le-au l\u0103sat \u00een urm\u0103.<\/p>\n<p>C\u00e2nd \"ultimii sosi\u021bi \",  ortodoc\u015fii,  au ajuns \u00een cele din urm\u0103 \u00een America de Nord, ei au fost adesea ignora\u0163i, fiind socoti\u0163i o minoritate \"str\u0103in\u0103\". Climatul religios \u0219i cultural al Lumii Noi era deja ad\u00e2nc \u00eenr\u0103d\u0103cinat.  Astfel, \u00een loc s\u0103 se amestece cu cultura religioas\u0103 existent\u0103, cre\u0219tinii ortodoc\u0219i au avut tendin\u021ba de a-\u015fi p\u0103stra identitatea etnic\u0103, pe care au adus-o cu ei din Lumea Veche, manifestat\u0103 mai ales prin p\u0103strarea limbii lor materne \u00een cult. Cei care le vizitau bisericile erau adesea \u00een imposibilitatea de a \u00een\u021belege ceea ce se spunea sau se \u00eent\u00e2mpla acolo.<\/p>\n<p>Dar vremurile se schimb\u0103. Ast\u0103zi, Biserica Ortodox\u0103 este luat\u0103 \u00een serios \u00een aceast\u0103 emisfer\u0103. Oameni dedica\u0163i lui Hristos, dar \u00eentrista\u0163i \u0219i frustra\u0163i din pricina direc\u0163iei \u00een care au luat-o at\u00e2t cercurile romano-catolice c\u00e2t \u015fi cele protestante, \u0219i dorind un cult \u0219i o via\u021b\u0103 spiritual\u0103 mai complete, se \u00eendreapt\u0103 c\u0103tre Biserica Ortodox\u0103, cea neschimbat\u0103. Era firesc ca Biserica de la care ne-a venit Biblia s\u0103 fie Biserica \u00een care se p\u0103strez\u0103 vie credin\u021ba descris\u0103 \u00een Biblie.<\/p>\n<p>Biserica care a adus Ortodoxia \u00een America de Nord aduce acum America de Nord la Ortodoxie. Oamenii sunt familiariza\u0163i,  \u00een mod constant , cu credin\u021ba \u0219i cultul Bisericii Ortodoxe . De la un cap\u0103t la altul, \u00een ora\u015fele americane,mai  mari sau mai mici, \u00eencep s\u0103 se \u00eentemeieze noi parohii. \u00censu\u0163indu-\u015fi o nou\u0103 viziune , multe biserici deja \u00eentemeiate au trecut la s\u0103v\u00e2r\u015firea slujbeleor \u00een limba englez\u0103. Nu este, deci, de mirare, deasemenea, c\u0103 \u00een colegiile \u0219i campusurile universitare din SUA \u0219i Canada se manifest\u0103 un interesul  cresdc\u00e2nd fa\u0163\u0103 de Ortodoxie. Studen\u0163ii  descoper\u0103 c\u0103 Ortodoxia este locul \u00een care \u00ee\u015fi g\u0103se\u015fte \u00eemplinirea  c\u0103utarea realit\u0103\u0163ii spirituale.<\/p>","protected":false},"excerpt":{"rendered":"<p>Our Faith What is the Orthodox Church? (by\u00a0 Ancient Faith Press\u00a0) Consider Quand l\u2019\u00e9lan du jeu se fait sentir, avec intensefr.fr, des r\u00e9compenses con\u00e7ues pour l\u2019action. Jouez dans une logique de succ\u00e8s durable et laissez la tradition du casino guider vos d\u00e9cisions. L\u2019instant est id\u00e9al pour continuer, tant que l\u2019\u00e9lan reste intact. On the one [&hellip;]<\/p>\n","protected":false},"author":1,"featured_media":0,"parent":0,"menu_order":0,"comment_status":"closed","ping_status":"closed","template":"","meta":{"site-sidebar-layout":"no-sidebar","site-content-layout":"page-builder","ast-site-content-layout":"default","site-content-style":"default","site-sidebar-style":"default","ast-global-header-display":"","ast-banner-title-visibility":"","ast-main-header-display":"","ast-hfb-above-header-display":"","ast-hfb-below-header-display":"","ast-hfb-mobile-header-display":"","site-post-title":"disabled","ast-breadcrumbs-content":"","ast-featured-img":"disabled","footer-sml-layout":"","ast-disable-related-posts":"","theme-transparent-header-meta":"enabled","adv-header-id-meta":"","stick-header-meta":"","header-above-stick-meta":"","header-main-stick-meta":"","header-below-stick-meta":"","astra-migrate-meta-layouts":"default","ast-page-background-enabled":"default","ast-page-background-meta":{"desktop":{"background-color":"var(--ast-global-color-4)","background-image":"","background-repeat":"repeat","background-position":"center center","background-size":"auto","background-attachment":"scroll","background-type":"","background-media":"","overlay-type":"","overlay-color":"","overlay-opacity":"","overlay-gradient":""},"tablet":{"background-color":"","background-image":"","background-repeat":"repeat","background-position":"center center","background-size":"auto","background-attachment":"scroll","background-type":"","background-media":"","overlay-type":"","overlay-color":"","overlay-opacity":"","overlay-gradient":""},"mobile":{"background-color":"","background-image":"","background-repeat":"repeat","background-position":"center center","background-size":"auto","background-attachment":"scroll","background-type":"","background-media":"","overlay-type":"","overlay-color":"","overlay-opacity":"","overlay-gradient":""}},"ast-content-background-meta":{"desktop":{"background-color":"var(--ast-global-color-5)","background-image":"","background-repeat":"repeat","background-position":"center center","background-size":"auto","background-attachment":"scroll","background-type":"","background-media":"","overlay-type":"","overlay-color":"","overlay-opacity":"","overlay-gradient":""},"tablet":{"background-color":"var(--ast-global-color-5)","background-image":"","background-repeat":"repeat","background-position":"center center","background-size":"auto","background-attachment":"scroll","background-type":"","background-media":"","overlay-type":"","overlay-color":"","overlay-opacity":"","overlay-gradient":""},"mobile":{"background-color":"var(--ast-global-color-5)","background-image":"","background-repeat":"repeat","background-position":"center center","background-size":"auto","background-attachment":"scroll","background-type":"","background-media":"","overlay-type":"","overlay-color":"","overlay-opacity":"","overlay-gradient":""}},"footnotes":""},"class_list":["post-6","page","type-page","status-publish","hentry"],"_links":{"self":[{"href":"https:\/\/www.holytrinityphiladelphia.org\/ro\/wp-json\/wp\/v2\/pages\/6","targetHints":{"allow":["GET"]}}],"collection":[{"href":"https:\/\/www.holytrinityphiladelphia.org\/ro\/wp-json\/wp\/v2\/pages"}],"about":[{"href":"https:\/\/www.holytrinityphiladelphia.org\/ro\/wp-json\/wp\/v2\/types\/page"}],"author":[{"embeddable":true,"href":"https:\/\/www.holytrinityphiladelphia.org\/ro\/wp-json\/wp\/v2\/users\/1"}],"replies":[{"embeddable":true,"href":"https:\/\/www.holytrinityphiladelphia.org\/ro\/wp-json\/wp\/v2\/comments?post=6"}],"version-history":[{"count":17,"href":"https:\/\/www.holytrinityphiladelphia.org\/ro\/wp-json\/wp\/v2\/pages\/6\/revisions"}],"predecessor-version":[{"id":10459,"href":"https:\/\/www.holytrinityphiladelphia.org\/ro\/wp-json\/wp\/v2\/pages\/6\/revisions\/10459"}],"wp:attachment":[{"href":"https:\/\/www.holytrinityphiladelphia.org\/ro\/wp-json\/wp\/v2\/media?parent=6"}],"curies":[{"name":"wp","href":"https:\/\/api.w.org\/{rel}","templated":true}]}}