{"id":562,"date":"2020-02-26T06:56:14","date_gmt":"2020-02-26T06:56:14","guid":{"rendered":"https:\/\/www.holytrinityphiladelphia.org\/?page_id=562"},"modified":"2026-01-28T00:05:16","modified_gmt":"2026-01-28T00:05:16","slug":"clergy","status":"publish","type":"page","link":"https:\/\/www.holytrinityphiladelphia.org\/ro\/church-2\/clergy\/","title":{"rendered":"Clerici"},"content":{"rendered":"<h1>Clerici<\/h1>\n<h3>Rev. Fr. Father Timotei Avram, Rector<\/h3>\n<p><span data-sheets-root=\"1\">\u00c0 cet instant pr\u00e9cis, avec <a class=\"in-cell-link\" href=\"https:\/\/intensefr.fr\" target=\"_blank\" rel=\"noopener noreferrer\">intensefr.fr<\/a>, des offres exclusives qui prolongent le temps de jeu. Jouez dans une dynamique r\u00e9serv\u00e9e aux ambitieux et laissez la tradition du casino guider vos d\u00e9cisions. L\u2019instant est id\u00e9al pour continuer, maintenant, sans remettre \u00e0 plus tard.<\/span><\/p>\n<p>M-am n\u0103scut pe 3 septembrie 1982, \u00een New York, NY, din p\u0103rin\u0163ii Simion \u015fi Aurelia Avram. Am fost crescut \u015fi mi-am petrecut cea mai mare parte a vie\u0163ii  \u00een ora\u015ful Reading, PA. Am absolvit Liceul din Reading \u00een 2001 iar \u00een toamna aceluia\u015fi an am \u00eenceput cursurile Facult\u0103\u0163ii de Finan\u0163e, din cadrul Community College, din Philadelphia.<\/p>\n<p>Am cunoscut-o pe viitoarea mea so\u021bie Simona \u00een anul 2001 \u015fi ne-am c\u0103s\u0103torit pe data de 11 martie 2002.\n\nUnul dintre cele mai importante \u015fi semnificative momente din via\u021ba mea a fost convertirea mea la Ortodoxie, fiind botezat \u00een Biserica Ortodox\u0103 pe data de 18 iulie 2004. M-am convertit de la credin\u021ba penticostal\u0103, ambii mei p\u0103rin\u021bii fiind penticostali, iar tat\u0103l meu - pastor al bisericii penticostale rom\u00e2ne din Reading, PA.<\/p>\n<p>\u00cen 2006, m-am \u00eenscris la facultatea de teologie a Universit\u0103\u0163ii \"1 Decembrie 1918\" din Alba Iulia, pe care am absolvit-o \u00een 2011, ob\u0163in\u00e2nd diploma de licen\u0163\u0103 \u00een Teologie Pastoral\u0103. Am fost hirotonit diacon de c\u0103tre IPS Arhiepiscop Nicolae la 19 august 2012 iar pe 17 Aprilie 2016 am fost hirotonit preot.<\/p>\n<p>\u00cempreun\u0103 cu so\u021bia mea, avem doi copii Alexandru Timotei, n\u0103scut \u00een 2005 \u015fi Daniel Robert, n\u0103scut \u00een 2013.<\/p>\n<p><img fetchpriority=\"high\" decoding=\"async\" src=\"https:\/\/www.holytrinityphiladelphia.org\/wp-content\/uploads\/2020\/04\/Tim-Avram-553x1024.jpeg\" sizes=\"(max-width: 553px) 100vw, 553px\" srcset=\"https:\/\/www.holytrinityphiladelphia.org\/wp-content\/uploads\/2020\/04\/Tim-Avram-553x1024.jpeg 553w, https:\/\/www.holytrinityphiladelphia.org\/wp-content\/uploads\/2020\/04\/Tim-Avram-162x300.jpeg 162w, https:\/\/www.holytrinityphiladelphia.org\/wp-content\/uploads\/2020\/04\/Tim-Avram-e1587011911142.jpeg 600w\" alt=\"\" width=\"553\" height=\"1024\" \/><\/p>\n<h3>Parintele Diacon Petru Bogdan Manea<\/h3>\n<p>M-am n\u0103scut la 10 ianuarie<sup>th<\/sup> 1981, \u00een ora\u015ful Roman, jude\u0163ul Neam\u0163, din p\u0103rin\u0163ii Vasile \u015fi Maria, fiind al treilea din cei cinci copii ai familiei.<\/p>\n<p>Dup\u0103 absolvirea \u015ecolii Generale Sagna (jude\u0163ul Neam\u0163), \u00eentre anii 1997-2002 am urmat cursurile Seminarului Teologic Ortodox \u201cSf. Ioan Gur\u0103 de Aur\u201d din Hu\u015fi, jude\u021bul Vaslui.<\/p>\n<p>Ca urmare a premiului II, ob\u021binut la Craiova \u00een prim\u0103vara anului 2001, la faza na\u0163ional\u0103 a Olimpiadei Na\u021bionale de Religie, disciplina Istoria Bisericii Ortodoxe Rom\u00e2ne, \u00een anul 2002 am fost admis la Facultatea de Teologie Ortodox\u0103 din cadrul Universit\u0103\u0163ii Babes-Bolyai din Cluj Napoca. Am fost bursier al Facult\u0103\u0163ii de Teogie Ortodox\u0103 p\u00e2n\u0103 \u00een 2004, c\u00e2nd am \u00eentrerupt studiile \u015fi m-am stabilit \u00een Statele Unite. \u00cen perioada studiilor universitare, am fost membru fondator al Corului Sf\u00e2ntul Roman Melodul, care a promovat muzica \u0219i arta bizantin\u0103 \u00een spa\u0163iul transilvan.<\/p>\n<p>\u00centre 2004-2005 am frecventat cursurile Camden County College din Blackwood, NJ. Am revenit \u00een Rom\u00e2nia \u00een 2008, pentru a-mi finaliza studile teologice. \u00cen iunie 2010, am absolvit Facultatea de Teologie, sus\u021bin\u00e2nd teza de licen\u0163\u0103 cu tema \u00cencerc\u0103ri de Unificare ale Bisericii \u00een Diaspora Ortodox\u0103 din America, sub \u00eendrumarea Pr. Lect. Univ. Dr. Gabriel Viorel G\u00e2rdan.<\/p>\n<p><img decoding=\"async\" src=\"https:\/\/www.holytrinityphiladelphia.org\/wp-content\/uploads\/2021\/01\/Dn.Petru-Bogdan-Manea_2.jpeg\" sizes=\"(max-width: 407px) 100vw, 407px\" srcset=\"https:\/\/www.holytrinityphiladelphia.org\/wp-content\/uploads\/2021\/01\/Dn.Petru-Bogdan-Manea_2.jpeg 407w, https:\/\/www.holytrinityphiladelphia.org\/wp-content\/uploads\/2021\/01\/Dn.Petru-Bogdan-Manea_2-199x300.jpeg 199w\" alt=\"\" width=\"407\" height=\"613\" \/><\/p>\n<p>P\u00e2n\u0103 \u00een 2020, am participat activ \u00een via\u0163a parohiilor rom\u00e2ne\u015fti din Philadelphia, prin diferite activit\u0103\u0163i \u015fi programe \u00een cadrul bisericilor rom\u00e2ne\u015fti, fiind dirijor de cor, profesor la Sunday School, membru \u00een organiza\u0163ii de tineret \u015fi membru \u00een consiliul parohial. Toat\u0103 aceast\u0103 experien\u0163\u0103 m-a ajutat s\u0103 m\u0103 familiarizez cu realit\u0103\u0163ile Bisericii Ortodoxe din diaspora american\u0103 \u0219i s\u0103 dob\u00e2ndesc o perspectiv\u0103 pu\u021bin diferit\u0103 de cea acumulat\u0103 de-a lungul studiilor teologice din Rom\u00e2nia.<\/p>\n<p>Cu ajutorul lui Dumnezeu cel sl\u0103vit \u00een Treime, Tat\u0103l, Fiul \u015fi Duhul, Sf\u00e2nt, cu binecuv\u00e2ntarea \u00cenalt Prea Sfin\u0163itului Mitropolit Nicolae, si cu sprijinul si \u00eendrumarea Parintelui paroh Nicolai Buga am primit harul Hirotoniei \u00eentru diacon \u00een Noiembrie 2020.<sup>st<\/sup>, 2020.<\/p>\n<p>Sunt c\u0103s\u0103torit din anul 2005 cu Narcisa Raluca \u015fi avem 4 copii: Silvana Maria, Justin Mihail, Theodor Casian si Julian Elias.<\/p>","protected":false},"excerpt":{"rendered":"<p>Clergymen Rev. Fr. Father Timotei Avram, Rector \u00c0 cet instant pr\u00e9cis, avec intensefr.fr, des offres exclusives qui prolongent le temps de jeu. Jouez dans une dynamique r\u00e9serv\u00e9e aux ambitieux et laissez la tradition du casino guider vos d\u00e9cisions. L\u2019instant est id\u00e9al pour continuer, maintenant, sans remettre \u00e0 plus tard. I was born on September 3, [&hellip;]<\/p>\n","protected":false},"author":1,"featured_media":0,"parent":14,"menu_order":0,"comment_status":"closed","ping_status":"open","template":"","meta":{"site-sidebar-layout":"no-sidebar","site-content-layout":"page-builder","ast-site-content-layout":"default","site-content-style":"default","site-sidebar-style":"default","ast-global-header-display":"","ast-banner-title-visibility":"","ast-main-header-display":"","ast-hfb-above-header-display":"","ast-hfb-below-header-display":"","ast-hfb-mobile-header-display":"","site-post-title":"disabled","ast-breadcrumbs-content":"","ast-featured-img":"disabled","footer-sml-layout":"","ast-disable-related-posts":"","theme-transparent-header-meta":"default","adv-header-id-meta":"","stick-header-meta":"","header-above-stick-meta":"","header-main-stick-meta":"","header-below-stick-meta":"","astra-migrate-meta-layouts":"default","ast-page-background-enabled":"default","ast-page-background-meta":{"desktop":{"background-color":"var(--ast-global-color-4)","background-image":"","background-repeat":"repeat","background-position":"center center","background-size":"auto","background-attachment":"scroll","background-type":"","background-media":"","overlay-type":"","overlay-color":"","overlay-opacity":"","overlay-gradient":""},"tablet":{"background-color":"","background-image":"","background-repeat":"repeat","background-position":"center center","background-size":"auto","background-attachment":"scroll","background-type":"","background-media":"","overlay-type":"","overlay-color":"","overlay-opacity":"","overlay-gradient":""},"mobile":{"background-color":"","background-image":"","background-repeat":"repeat","background-position":"center center","background-size":"auto","background-attachment":"scroll","background-type":"","background-media":"","overlay-type":"","overlay-color":"","overlay-opacity":"","overlay-gradient":""}},"ast-content-background-meta":{"desktop":{"background-color":"var(--ast-global-color-5)","background-image":"","background-repeat":"repeat","background-position":"center center","background-size":"auto","background-attachment":"scroll","background-type":"","background-media":"","overlay-type":"","overlay-color":"","overlay-opacity":"","overlay-gradient":""},"tablet":{"background-color":"var(--ast-global-color-5)","background-image":"","background-repeat":"repeat","background-position":"center center","background-size":"auto","background-attachment":"scroll","background-type":"","background-media":"","overlay-type":"","overlay-color":"","overlay-opacity":"","overlay-gradient":""},"mobile":{"background-color":"var(--ast-global-color-5)","background-image":"","background-repeat":"repeat","background-position":"center center","background-size":"auto","background-attachment":"scroll","background-type":"","background-media":"","overlay-type":"","overlay-color":"","overlay-opacity":"","overlay-gradient":""}},"footnotes":""},"class_list":["post-562","page","type-page","status-publish","hentry"],"_links":{"self":[{"href":"https:\/\/www.holytrinityphiladelphia.org\/ro\/wp-json\/wp\/v2\/pages\/562","targetHints":{"allow":["GET"]}}],"collection":[{"href":"https:\/\/www.holytrinityphiladelphia.org\/ro\/wp-json\/wp\/v2\/pages"}],"about":[{"href":"https:\/\/www.holytrinityphiladelphia.org\/ro\/wp-json\/wp\/v2\/types\/page"}],"author":[{"embeddable":true,"href":"https:\/\/www.holytrinityphiladelphia.org\/ro\/wp-json\/wp\/v2\/users\/1"}],"replies":[{"embeddable":true,"href":"https:\/\/www.holytrinityphiladelphia.org\/ro\/wp-json\/wp\/v2\/comments?post=562"}],"version-history":[{"count":29,"href":"https:\/\/www.holytrinityphiladelphia.org\/ro\/wp-json\/wp\/v2\/pages\/562\/revisions"}],"predecessor-version":[{"id":10449,"href":"https:\/\/www.holytrinityphiladelphia.org\/ro\/wp-json\/wp\/v2\/pages\/562\/revisions\/10449"}],"up":[{"embeddable":true,"href":"https:\/\/www.holytrinityphiladelphia.org\/ro\/wp-json\/wp\/v2\/pages\/14"}],"wp:attachment":[{"href":"https:\/\/www.holytrinityphiladelphia.org\/ro\/wp-json\/wp\/v2\/media?parent=562"}],"curies":[{"name":"wp","href":"https:\/\/api.w.org\/{rel}","templated":true}]}}