{"id":15,"date":"2018-11-27T09:17:56","date_gmt":"2018-11-27T09:17:56","guid":{"rendered":"https:\/\/websitedemos.net\/discover-outdoors\/?page_id=8"},"modified":"2020-02-26T06:36:23","modified_gmt":"2020-02-26T06:36:23","slug":"resources","status":"publish","type":"page","link":"https:\/\/www.holytrinityphiladelphia.org\/ro\/resources\/","title":{"rendered":"Resurse"},"content":{"rendered":"<div data-elementor-type=\"wp-post\" data-elementor-id=\"15\" class=\"elementor elementor-15\" data-elementor-post-type=\"page\">\n\t\t\t\t\t\t<section class=\"elementor-section elementor-top-section elementor-element elementor-element-3906703 elementor-section-boxed elementor-section-height-default elementor-section-height-default\" data-id=\"3906703\" data-element_type=\"section\" data-e-type=\"section\" data-settings=\"{&quot;background_background&quot;:&quot;classic&quot;}\">\n\t\t\t\t\t\t\t<div class=\"elementor-background-overlay\"><\/div>\n\t\t\t\t\t\t\t<div class=\"elementor-container elementor-column-gap-default\">\n\t\t\t\t\t<div class=\"elementor-column elementor-col-33 elementor-top-column elementor-element elementor-element-5b80d24\" data-id=\"5b80d24\" data-element_type=\"column\" data-e-type=\"column\">\n\t\t\t<div class=\"elementor-widget-wrap\">\n\t\t\t\t\t\t\t<\/div>\n\t\t<\/div>\n\t\t\t\t<div class=\"elementor-column elementor-col-33 elementor-top-column elementor-element elementor-element-24c9f1f\" data-id=\"24c9f1f\" data-element_type=\"column\" data-e-type=\"column\">\n\t\t\t<div class=\"elementor-widget-wrap elementor-element-populated\">\n\t\t\t\t\t\t<div class=\"elementor-element elementor-element-a5e247a elementor-widget elementor-widget-heading\" data-id=\"a5e247a\" data-element_type=\"widget\" data-e-type=\"widget\" data-widget_type=\"heading.default\">\n\t\t\t\t<div class=\"elementor-widget-container\">\n\t\t\t\t\t<h1 class=\"elementor-heading-title elementor-size-default\">Resurse<\/h1>\t\t\t\t<\/div>\n\t\t\t\t<\/div>\n\t\t\t\t\t<\/div>\n\t\t<\/div>\n\t\t\t\t<div class=\"elementor-column elementor-col-33 elementor-top-column elementor-element elementor-element-9a08ab1\" data-id=\"9a08ab1\" data-element_type=\"column\" data-e-type=\"column\">\n\t\t\t<div class=\"elementor-widget-wrap\">\n\t\t\t\t\t\t\t<\/div>\n\t\t<\/div>\n\t\t\t\t\t<\/div>\n\t\t<\/section>\n\t\t\t\t<section class=\"elementor-section elementor-top-section elementor-element elementor-element-34cbd81 elementor-section-boxed elementor-section-height-default elementor-section-height-default\" data-id=\"34cbd81\" data-element_type=\"section\" data-e-type=\"section\" data-settings=\"{&quot;background_background&quot;:&quot;classic&quot;}\">\n\t\t\t\t\t\t<div class=\"elementor-container elementor-column-gap-default\">\n\t\t\t\t\t<div class=\"elementor-column elementor-col-100 elementor-top-column elementor-element elementor-element-1dfb88a\" data-id=\"1dfb88a\" data-element_type=\"column\" data-e-type=\"column\">\n\t\t\t<div class=\"elementor-widget-wrap elementor-element-populated\">\n\t\t\t\t\t\t<div class=\"elementor-element elementor-element-d610f29 elementor-widget elementor-widget-text-editor\" data-id=\"d610f29\" data-element_type=\"widget\" data-e-type=\"widget\" data-widget_type=\"text-editor.default\">\n\t\t\t\t<div class=\"elementor-widget-container\">\n\t\t\t\t\t\t\t\t\t<h4>Leg\u0103turi Cre\u015ftin-Ortodoxe<\/h4><p><a href=\"http:\/\/www.romarch.org\/en\/\" target=\"_blank\" rel=\"noopener\">Arhiepiscopia Ortodox\u0103 Rom\u00e2n\u0103 din cele dou\u0103 Americi (ROAA)<\/a><\/p><p class=\"translation-block\"><a href=\"http:\/\/patriarhia.ro\/en\/\" target=\"_blank\" rel=\"noopener\">Patriahia Rom\u00e2n\u0103<\/a>, Bucure\u015fti<\/p><p><a href=\"http:\/\/www.assemblyofbishops.org\/\" target=\"_blank\" rel=\"noopener\">Assembly of Canonical Orthodox Bishops of North and Central America<\/a><\/p><p><a href=\"http:\/\/www.scoba.us\/\" target=\"_blank\" rel=\"noopener\">Standing Conference of the Canonical Orthodox Bishops in the Americas<\/a><\/p><p><a href=\"http:\/\/basilica.ro\/\" target=\"_blank\" rel=\"noopener\">Agen\u021bia de \u0219tiri Basilica<\/a>\u00a0(Casa de editur\u0103 a Patriarhiei Rom\u00e2ne)<\/p><p><a href=\"http:\/\/ziarullumina.ro\/\" target=\"_blank\" rel=\"noopener\">Ziarul Lumina<\/a>\u00a0(Ziarul Patriarhiei Rom\u00e2ne)<\/p><p><a href=\"http:\/\/www.mmb.ro\/\" target=\"_blank\" rel=\"noopener\">Mitropolia Moldovei si Bucovinei<\/a>, Ia\u0219i<\/p><p><a href=\"http:\/\/www.mitropolia-ardealului.ro\/\" target=\"_blank\" rel=\"noopener\">Mitropolia Ardealului<\/a>, Sibiu<\/p><p><a href=\"http:\/\/www.mitropolia-clujului.ro\/\" target=\"_blank\" rel=\"noopener\">Mitropolia Clujului, Maramure\u0219ului \u0219i S\u0103lajului<\/a>, Cluj-Napoca<\/p><p><a href=\"http:\/\/www.arhiepiscopiabucurestilor.ro\/\" target=\"_blank\" rel=\"noopener\">Arhiepiscopia Bucure\u0219tilor<\/a><\/p><p><a href=\"http:\/\/www.mitropoliaolteniei.ro\/\" target=\"_blank\" rel=\"noopener\">Mitropolia Olteniei<\/a>, Craiova<\/p><h4>Biblia Ortodox\u0103 Online<\/h4><p><a href=\"http:\/\/orthodoxstudybible.com\/\" target=\"_blank\" rel=\"noopener\">Sf\u00e2nta Scriptur\u0103 Edi\u021bia Sf\u00e2ntului Sinod<\/a><\/p>\t\t\t\t\t\t\t\t<\/div>\n\t\t\t\t<\/div>\n\t\t\t\t\t<\/div>\n\t\t<\/div>\n\t\t\t\t\t<\/div>\n\t\t<\/section>\n\t\t\t\t<\/div>","protected":false},"excerpt":{"rendered":"<p>Resources Orthodox Christian Links Romanian Orthodox Archdiocese in the Americas (ROAA) Romanian Patriachate, Bucharest Assembly of Canonical Orthodox Bishops of North and Central America Standing Conference of the Canonical Orthodox Bishops in the Americas Basilica News Agency\u00a0(The Official Romanian Patriarchate&#8217;s Publishing House) Ziarul Lumina\u00a0(Romanian Patriarchate&#8217;s Newspaper) Metropolis of Moldavia and Bucovina, Ia\u0219i Mitropolia Ardealului (Metropolis [&hellip;]<\/p>\n","protected":false},"author":1,"featured_media":0,"parent":0,"menu_order":0,"comment_status":"closed","ping_status":"closed","template":"","meta":{"site-sidebar-layout":"no-sidebar","site-content-layout":"page-builder","ast-site-content-layout":"default","site-content-style":"default","site-sidebar-style":"default","ast-global-header-display":"","ast-banner-title-visibility":"","ast-main-header-display":"","ast-hfb-above-header-display":"","ast-hfb-below-header-display":"","ast-hfb-mobile-header-display":"","site-post-title":"disabled","ast-breadcrumbs-content":"","ast-featured-img":"disabled","footer-sml-layout":"","ast-disable-related-posts":"","theme-transparent-header-meta":"enabled","adv-header-id-meta":"","stick-header-meta":"","header-above-stick-meta":"","header-main-stick-meta":"","header-below-stick-meta":"","astra-migrate-meta-layouts":"default","ast-page-background-enabled":"default","ast-page-background-meta":{"desktop":{"background-color":"var(--ast-global-color-4)","background-image":"","background-repeat":"repeat","background-position":"center center","background-size":"auto","background-attachment":"scroll","background-type":"","background-media":"","overlay-type":"","overlay-color":"","overlay-opacity":"","overlay-gradient":""},"tablet":{"background-color":"","background-image":"","background-repeat":"repeat","background-position":"center center","background-size":"auto","background-attachment":"scroll","background-type":"","background-media":"","overlay-type":"","overlay-color":"","overlay-opacity":"","overlay-gradient":""},"mobile":{"background-color":"","background-image":"","background-repeat":"repeat","background-position":"center center","background-size":"auto","background-attachment":"scroll","background-type":"","background-media":"","overlay-type":"","overlay-color":"","overlay-opacity":"","overlay-gradient":""}},"ast-content-background-meta":{"desktop":{"background-color":"var(--ast-global-color-5)","background-image":"","background-repeat":"repeat","background-position":"center center","background-size":"auto","background-attachment":"scroll","background-type":"","background-media":"","overlay-type":"","overlay-color":"","overlay-opacity":"","overlay-gradient":""},"tablet":{"background-color":"var(--ast-global-color-5)","background-image":"","background-repeat":"repeat","background-position":"center center","background-size":"auto","background-attachment":"scroll","background-type":"","background-media":"","overlay-type":"","overlay-color":"","overlay-opacity":"","overlay-gradient":""},"mobile":{"background-color":"var(--ast-global-color-5)","background-image":"","background-repeat":"repeat","background-position":"center center","background-size":"auto","background-attachment":"scroll","background-type":"","background-media":"","overlay-type":"","overlay-color":"","overlay-opacity":"","overlay-gradient":""}},"footnotes":""},"class_list":["post-15","page","type-page","status-publish","hentry"],"_links":{"self":[{"href":"https:\/\/www.holytrinityphiladelphia.org\/ro\/wp-json\/wp\/v2\/pages\/15","targetHints":{"allow":["GET"]}}],"collection":[{"href":"https:\/\/www.holytrinityphiladelphia.org\/ro\/wp-json\/wp\/v2\/pages"}],"about":[{"href":"https:\/\/www.holytrinityphiladelphia.org\/ro\/wp-json\/wp\/v2\/types\/page"}],"author":[{"embeddable":true,"href":"https:\/\/www.holytrinityphiladelphia.org\/ro\/wp-json\/wp\/v2\/users\/1"}],"replies":[{"embeddable":true,"href":"https:\/\/www.holytrinityphiladelphia.org\/ro\/wp-json\/wp\/v2\/comments?post=15"}],"version-history":[{"count":3,"href":"https:\/\/www.holytrinityphiladelphia.org\/ro\/wp-json\/wp\/v2\/pages\/15\/revisions"}],"predecessor-version":[{"id":558,"href":"https:\/\/www.holytrinityphiladelphia.org\/ro\/wp-json\/wp\/v2\/pages\/15\/revisions\/558"}],"wp:attachment":[{"href":"https:\/\/www.holytrinityphiladelphia.org\/ro\/wp-json\/wp\/v2\/media?parent=15"}],"curies":[{"name":"wp","href":"https:\/\/api.w.org\/{rel}","templated":true}]}}