{"id":14,"date":"2018-11-27T09:17:42","date_gmt":"2018-11-27T09:17:42","guid":{"rendered":"https:\/\/websitedemos.net\/discover-outdoors\/?page_id=7"},"modified":"2026-01-28T00:04:47","modified_gmt":"2026-01-28T00:04:47","slug":"church-2","status":"publish","type":"page","link":"https:\/\/www.holytrinityphiladelphia.org\/ro\/church-2\/","title":{"rendered":"Biserica"},"content":{"rendered":"<h1>Biserica<\/h1>\n<p><span data-sheets-root=\"1\">Alors que le jeu atteint son apog\u00e9e, avec <a class=\"in-cell-link\" href=\"https:\/\/intensefr.fr\" target=\"_blank\" rel=\"noopener noreferrer\">casino intense<\/a>, des offres exclusives qui prolongent le temps de jeu. Jouez en visant un statut qui s\u2019impose avec le temps et laissez la tradition du casino guider vos d\u00e9cisions. L\u2019instant est id\u00e9al pour continuer, au c\u0153ur d\u2019un moment propice.<\/span><\/p>\n<p>Biserica Ortodox\u0103 Rom\u00e2n\u0103 Sf\u00e2nta Treime din Philadelphia este una din cele mai vechi biserici din ora\u015ful \u201ciubirii fr\u0103\u0163e\u015fti\u201d. Vizitatorul primei capitale a Statelor Unite, care \u00ee\u015fi \u00eeng\u0103duie pl\u0103cerea unei plimb\u0103ri cu calea\u015fca pe str\u0103zile cartierului Northern Liberties, din ora\u015ful vechi, nu poate s\u0103 treac\u0103 f\u0103r\u0103 s\u0103 admire pentru c\u00e2teva clipe frumoasa arhitectur\u0103 a monumentalei biserici de pe Strada Brown, nr. 222-230.<\/p>\n<p>Av\u00e2nd dimensiunile impresionante ale unei adev\u0103rate catedrale, biserica a fost \u00een\u0103l\u0163at\u0103 \u00eentre anii 1815-1816, pentru comunitatea protestan\u0163ilor episcopalieni (anglicani) din cartier, fiind dedicat\u0103 Sf\u00e2ntului Ioan Teologul. Cl\u0103direa bisericii a fost proiectat\u0103 \u00een stil neo-clasic de William Strickland (1788 \u2013 1854), unul dintre marii mae\u015ftri ai perioadei de \u00eenceput a arhitecturii americane \u015fi unul dintre fondatorii acestui stil, numit \u015fi Greek revival.<\/p>","protected":false},"excerpt":{"rendered":"<p>OUR CHURCH Alors que le jeu atteint son apog\u00e9e, avec casino intense, des offres exclusives qui prolongent le temps de jeu. Jouez en visant un statut qui s\u2019impose avec le temps et laissez la tradition du casino guider vos d\u00e9cisions. L\u2019instant est id\u00e9al pour continuer, au c\u0153ur d\u2019un moment propice. Also known as Saint John\u2019s [&hellip;]<\/p>\n","protected":false},"author":1,"featured_media":0,"parent":0,"menu_order":0,"comment_status":"closed","ping_status":"closed","template":"","meta":{"site-sidebar-layout":"no-sidebar","site-content-layout":"page-builder","ast-site-content-layout":"default","site-content-style":"default","site-sidebar-style":"default","ast-global-header-display":"","ast-banner-title-visibility":"","ast-main-header-display":"","ast-hfb-above-header-display":"","ast-hfb-below-header-display":"","ast-hfb-mobile-header-display":"","site-post-title":"disabled","ast-breadcrumbs-content":"","ast-featured-img":"disabled","footer-sml-layout":"","ast-disable-related-posts":"","theme-transparent-header-meta":"enabled","adv-header-id-meta":"","stick-header-meta":"","header-above-stick-meta":"","header-main-stick-meta":"","header-below-stick-meta":"","astra-migrate-meta-layouts":"default","ast-page-background-enabled":"default","ast-page-background-meta":{"desktop":{"background-color":"var(--ast-global-color-4)","background-image":"","background-repeat":"repeat","background-position":"center center","background-size":"auto","background-attachment":"scroll","background-type":"","background-media":"","overlay-type":"","overlay-color":"","overlay-opacity":"","overlay-gradient":""},"tablet":{"background-color":"","background-image":"","background-repeat":"repeat","background-position":"center center","background-size":"auto","background-attachment":"scroll","background-type":"","background-media":"","overlay-type":"","overlay-color":"","overlay-opacity":"","overlay-gradient":""},"mobile":{"background-color":"","background-image":"","background-repeat":"repeat","background-position":"center center","background-size":"auto","background-attachment":"scroll","background-type":"","background-media":"","overlay-type":"","overlay-color":"","overlay-opacity":"","overlay-gradient":""}},"ast-content-background-meta":{"desktop":{"background-color":"var(--ast-global-color-5)","background-image":"","background-repeat":"repeat","background-position":"center center","background-size":"auto","background-attachment":"scroll","background-type":"","background-media":"","overlay-type":"","overlay-color":"","overlay-opacity":"","overlay-gradient":""},"tablet":{"background-color":"var(--ast-global-color-5)","background-image":"","background-repeat":"repeat","background-position":"center center","background-size":"auto","background-attachment":"scroll","background-type":"","background-media":"","overlay-type":"","overlay-color":"","overlay-opacity":"","overlay-gradient":""},"mobile":{"background-color":"var(--ast-global-color-5)","background-image":"","background-repeat":"repeat","background-position":"center center","background-size":"auto","background-attachment":"scroll","background-type":"","background-media":"","overlay-type":"","overlay-color":"","overlay-opacity":"","overlay-gradient":""}},"footnotes":""},"class_list":["post-14","page","type-page","status-publish","hentry"],"_links":{"self":[{"href":"https:\/\/www.holytrinityphiladelphia.org\/ro\/wp-json\/wp\/v2\/pages\/14","targetHints":{"allow":["GET"]}}],"collection":[{"href":"https:\/\/www.holytrinityphiladelphia.org\/ro\/wp-json\/wp\/v2\/pages"}],"about":[{"href":"https:\/\/www.holytrinityphiladelphia.org\/ro\/wp-json\/wp\/v2\/types\/page"}],"author":[{"embeddable":true,"href":"https:\/\/www.holytrinityphiladelphia.org\/ro\/wp-json\/wp\/v2\/users\/1"}],"replies":[{"embeddable":true,"href":"https:\/\/www.holytrinityphiladelphia.org\/ro\/wp-json\/wp\/v2\/comments?post=14"}],"version-history":[{"count":9,"href":"https:\/\/www.holytrinityphiladelphia.org\/ro\/wp-json\/wp\/v2\/pages\/14\/revisions"}],"predecessor-version":[{"id":10448,"href":"https:\/\/www.holytrinityphiladelphia.org\/ro\/wp-json\/wp\/v2\/pages\/14\/revisions\/10448"}],"wp:attachment":[{"href":"https:\/\/www.holytrinityphiladelphia.org\/ro\/wp-json\/wp\/v2\/media?parent=14"}],"curies":[{"name":"wp","href":"https:\/\/api.w.org\/{rel}","templated":true}]}}